{"id":164,"date":"2024-01-10T12:56:01","date_gmt":"2024-01-10T10:56:01","guid":{"rendered":"https:\/\/manual-audacity-recursos-test.azurewebsites.net\/?page_id=164"},"modified":"2024-01-30T13:41:41","modified_gmt":"2024-01-30T11:41:41","slug":"1-3-1-introduccion","status":"publish","type":"page","link":"https:\/\/manual-audacity-test.recursos.uoc.edu\/es\/1-3-1-introduccion\/","title":{"rendered":"1.3.1. Introducci\u00f3n"},"content":{"rendered":"<p>Esta es la interfaz que podemos observar en la versi\u00f3n 3.3.3 de Audacity donde podemos apreciar una barra de men\u00fa, una barra de herramientas, un \u00e1rea de trabajo y en la parte inferior una barra de estado con diferentes elementos.<\/p>\n<figure id=\"attachment_59\" aria-describedby=\"caption-attachment-59\" style=\"width: 640px\" class=\"wp-caption alignnone\"><img loading=\"lazy\" decoding=\"async\" class=\"wp-image-59 size-large\" src=\"\/wp-content\/uploads\/2024\/01\/imagen-2.3-1024x621.png\" alt=\"\" width=\"640\" height=\"388\" srcset=\"\/wp-content\/uploads\/2024\/01\/imagen-2.3-1024x621.png 1024w, \/wp-content\/uploads\/2024\/01\/imagen-2.3-300x182.png 300w, \/wp-content\/uploads\/2024\/01\/imagen-2.3-768x466.png 768w, \/wp-content\/uploads\/2024\/01\/imagen-2.3.png 1166w\" sizes=\"(max-width: 640px) 100vw, 640px\" \/><figcaption id=\"caption-attachment-59\" class=\"wp-caption-text\">Figura 1.3. Vista general de Audacity.<br \/>Fuente: elaboraci\u00f3n propia.<\/figcaption><\/figure>\n","protected":false},"excerpt":{"rendered":"<p>Esta es la interfaz que podemos observar en la versi\u00f3n 3.3.3 de Audacity donde podemos apreciar una barra de men\u00fa, una barra de herramientas, un \u00e1rea de trabajo y en la parte inferior una barra de estado con diferentes elementos.<\/p>\n","protected":false},"author":2,"featured_media":0,"parent":0,"menu_order":0,"comment_status":"closed","ping_status":"closed","template":"","meta":{"footnotes":""},"acf":[],"_links":{"self":[{"href":"https:\/\/manual-audacity-test.recursos.uoc.edu\/es\/wp-json\/wp\/v2\/pages\/164"}],"collection":[{"href":"https:\/\/manual-audacity-test.recursos.uoc.edu\/es\/wp-json\/wp\/v2\/pages"}],"about":[{"href":"https:\/\/manual-audacity-test.recursos.uoc.edu\/es\/wp-json\/wp\/v2\/types\/page"}],"author":[{"embeddable":true,"href":"https:\/\/manual-audacity-test.recursos.uoc.edu\/es\/wp-json\/wp\/v2\/users\/2"}],"replies":[{"embeddable":true,"href":"https:\/\/manual-audacity-test.recursos.uoc.edu\/es\/wp-json\/wp\/v2\/comments?post=164"}],"version-history":[{"count":3,"href":"https:\/\/manual-audacity-test.recursos.uoc.edu\/es\/wp-json\/wp\/v2\/pages\/164\/revisions"}],"predecessor-version":[{"id":494,"href":"https:\/\/manual-audacity-test.recursos.uoc.edu\/es\/wp-json\/wp\/v2\/pages\/164\/revisions\/494"}],"wp:attachment":[{"href":"https:\/\/manual-audacity-test.recursos.uoc.edu\/es\/wp-json\/wp\/v2\/media?parent=164"}],"curies":[{"name":"wp","href":"https:\/\/api.w.org\/{rel}","templated":true}]}}