{"id":167,"date":"2024-01-10T12:58:00","date_gmt":"2024-01-10T10:58:00","guid":{"rendered":"https:\/\/manual-audacity-recursos-test.azurewebsites.net\/?page_id=167"},"modified":"2024-01-30T13:41:01","modified_gmt":"2024-01-30T11:41:01","slug":"1-3-2-barra-de-herramientas-de-reproduccion","status":"publish","type":"page","link":"https:\/\/manual-audacity-test.recursos.uoc.edu\/es\/1-3-2-barra-de-herramientas-de-reproduccion\/","title":{"rendered":"1.3.2. Barra de herramientas de \u00abReproducci\u00f3n\u00bb"},"content":{"rendered":"<p>Las barras de herramientas se pueden mover utilizando el rat\u00f3n presionando en la parte izquierda de la barra y desplaz\u00e1ndola con el rat\u00f3n. La primera barra que encontramos es la barra de herramientas de reproducci\u00f3n con los botones t\u00edpicos de reproducir y grabar.<\/p>\n<figure id=\"attachment_61\" aria-describedby=\"caption-attachment-61\" style=\"width: 388px\" class=\"wp-caption alignnone\"><img loading=\"lazy\" decoding=\"async\" class=\"wp-image-61 size-full\" src=\"\/wp-content\/uploads\/2024\/01\/imagen-2.4.png\" alt=\"\" width=\"388\" height=\"60\" srcset=\"\/wp-content\/uploads\/2024\/01\/imagen-2.4.png 388w, \/wp-content\/uploads\/2024\/01\/imagen-2.4-300x46.png 300w\" sizes=\"(max-width: 388px) 100vw, 388px\" \/><figcaption id=\"caption-attachment-61\" class=\"wp-caption-text\">Figura 1.4. Barra de herramientas de \u00abReproducci\u00f3n\u00bb.<br \/>Fuente: elaboraci\u00f3n propia.<\/figcaption><\/figure>\n<p>&nbsp;<\/p>\n","protected":false},"excerpt":{"rendered":"<p>Las barras de herramientas se pueden mover utilizando el rat\u00f3n presionando en la parte izquierda de la barra y desplaz\u00e1ndola con el rat\u00f3n. La primera barra que encontramos es la barra de herramientas de reproducci\u00f3n con los botones t\u00edpicos de reproducir y grabar. &nbsp;<\/p>\n","protected":false},"author":2,"featured_media":0,"parent":0,"menu_order":0,"comment_status":"closed","ping_status":"closed","template":"","meta":{"footnotes":""},"acf":[],"_links":{"self":[{"href":"https:\/\/manual-audacity-test.recursos.uoc.edu\/es\/wp-json\/wp\/v2\/pages\/167"}],"collection":[{"href":"https:\/\/manual-audacity-test.recursos.uoc.edu\/es\/wp-json\/wp\/v2\/pages"}],"about":[{"href":"https:\/\/manual-audacity-test.recursos.uoc.edu\/es\/wp-json\/wp\/v2\/types\/page"}],"author":[{"embeddable":true,"href":"https:\/\/manual-audacity-test.recursos.uoc.edu\/es\/wp-json\/wp\/v2\/users\/2"}],"replies":[{"embeddable":true,"href":"https:\/\/manual-audacity-test.recursos.uoc.edu\/es\/wp-json\/wp\/v2\/comments?post=167"}],"version-history":[{"count":4,"href":"https:\/\/manual-audacity-test.recursos.uoc.edu\/es\/wp-json\/wp\/v2\/pages\/167\/revisions"}],"predecessor-version":[{"id":492,"href":"https:\/\/manual-audacity-test.recursos.uoc.edu\/es\/wp-json\/wp\/v2\/pages\/167\/revisions\/492"}],"wp:attachment":[{"href":"https:\/\/manual-audacity-test.recursos.uoc.edu\/es\/wp-json\/wp\/v2\/media?parent=167"}],"curies":[{"name":"wp","href":"https:\/\/api.w.org\/{rel}","templated":true}]}}