{"id":175,"date":"2024-01-10T13:07:23","date_gmt":"2024-01-10T11:07:23","guid":{"rendered":"https:\/\/manual-audacity-recursos-test.azurewebsites.net\/?page_id=175"},"modified":"2024-01-30T13:39:34","modified_gmt":"2024-01-30T11:39:34","slug":"1-3-4-barra-de-herramientas-de-edicion","status":"publish","type":"page","link":"https:\/\/manual-audacity-test.recursos.uoc.edu\/es\/1-3-4-barra-de-herramientas-de-edicion\/","title":{"rendered":"1.3.4. Barra de herramientas de \u00abEdici\u00f3n\u00bb"},"content":{"rendered":"<p>En la parte superior tenemos los botones de acercar y alejar la vista, ajustar la selecci\u00f3n a la anchura, ajustar el proyecto a la anchura y alternar<em> zoom<\/em> entre dos niveles preestablecidos, estos se pueden configurar usando las preferencias de pistas.<\/p>\n<p>En la parte inferior tenemos el bot\u00f3n de recortar audio, que lo que hace es eliminar todo el audio que no est\u00e9 seleccionado; a su lado el de silenciar, que silenciar\u00e1 el audio seleccionado, y despu\u00e9s los botones de deshacer y rehacer.<\/p>\n<figure id=\"attachment_178\" aria-describedby=\"caption-attachment-178\" style=\"width: 400px\" class=\"wp-caption alignnone\"><img loading=\"lazy\" decoding=\"async\" class=\"wp-image-178\" src=\"\/wp-content\/uploads\/2024\/01\/imagen-2.6-1.png\" alt=\"\" width=\"400\" height=\"65\" srcset=\"\/wp-content\/uploads\/2024\/01\/imagen-2.6-1.png 367w, \/wp-content\/uploads\/2024\/01\/imagen-2.6-1-300x49.png 300w\" sizes=\"(max-width: 400px) 100vw, 400px\" \/><figcaption id=\"caption-attachment-178\" class=\"wp-caption-text\">Figura 1.6. Barra de herramientas de \u00abEdici\u00f3n\u00bb.<br \/>Fuente: elaboraci\u00f3n propia.<\/figcaption><\/figure>\n<p>&nbsp;<\/p>\n","protected":false},"excerpt":{"rendered":"<p>En la parte superior tenemos los botones de acercar y alejar la vista, ajustar la selecci\u00f3n a la anchura, ajustar el proyecto a la anchura y alternar zoom entre dos niveles preestablecidos, estos se pueden configurar usando las preferencias de pistas. En la parte inferior tenemos el bot\u00f3n de recortar audio, que lo que hace [&hellip;]<\/p>\n","protected":false},"author":2,"featured_media":0,"parent":0,"menu_order":0,"comment_status":"closed","ping_status":"closed","template":"","meta":{"footnotes":""},"acf":[],"_links":{"self":[{"href":"https:\/\/manual-audacity-test.recursos.uoc.edu\/es\/wp-json\/wp\/v2\/pages\/175"}],"collection":[{"href":"https:\/\/manual-audacity-test.recursos.uoc.edu\/es\/wp-json\/wp\/v2\/pages"}],"about":[{"href":"https:\/\/manual-audacity-test.recursos.uoc.edu\/es\/wp-json\/wp\/v2\/types\/page"}],"author":[{"embeddable":true,"href":"https:\/\/manual-audacity-test.recursos.uoc.edu\/es\/wp-json\/wp\/v2\/users\/2"}],"replies":[{"embeddable":true,"href":"https:\/\/manual-audacity-test.recursos.uoc.edu\/es\/wp-json\/wp\/v2\/comments?post=175"}],"version-history":[{"count":4,"href":"https:\/\/manual-audacity-test.recursos.uoc.edu\/es\/wp-json\/wp\/v2\/pages\/175\/revisions"}],"predecessor-version":[{"id":488,"href":"https:\/\/manual-audacity-test.recursos.uoc.edu\/es\/wp-json\/wp\/v2\/pages\/175\/revisions\/488"}],"wp:attachment":[{"href":"https:\/\/manual-audacity-test.recursos.uoc.edu\/es\/wp-json\/wp\/v2\/media?parent=175"}],"curies":[{"name":"wp","href":"https:\/\/api.w.org\/{rel}","templated":true}]}}