{"id":181,"date":"2024-01-10T13:10:16","date_gmt":"2024-01-10T11:10:16","guid":{"rendered":"https:\/\/manual-audacity-recursos-test.azurewebsites.net\/?page_id=181"},"modified":"2024-01-30T12:59:40","modified_gmt":"2024-01-30T10:59:40","slug":"1-3-5-en-la-barra-de-herramientas-configuracion-de-audio","status":"publish","type":"page","link":"https:\/\/manual-audacity-test.recursos.uoc.edu\/es\/1-3-5-en-la-barra-de-herramientas-configuracion-de-audio\/","title":{"rendered":"1.3.5. Barra de herramientas \u00abConfiguraci\u00f3n de audio\u00bb"},"content":{"rendered":"<p>Disponemos de las siguientes opciones:<\/p>\n<p>\u00abServidor\u00bb donde podremos elegir entre diferentes interfaces de audio.<\/p>\n<ul>\n<li>MME: Es el predeterminado de Audacity y el m\u00e1s compatible con todos los dispositivos de audio.<\/li>\n<li>Windows DirectSound: m\u00e1s reciente que MME y con una latencia menor.<\/li>\n<li>Windows WASAPI: Indicado para grabar la reproducci\u00f3n del sonido del propio ordenador.<\/li>\n<\/ul>\n<p>Habitualmente seleccionaremos MME o Windows DirectSound en la mayor\u00eda de los casos, pero si queremos grabar el audio reproducido por el mismo ordenador utilizaremos Windows WASAPI.<\/p>\n<p>En \u00abDispositivo de reproducci\u00f3n\u00bb o \u00abDispositivo de grabaci\u00f3n\u00bb seleccionaremos el que nos interese en cada caso y en \u00abCanales de grabaci\u00f3n\u00bb seleccionaremos \u00abmono\u00bb o \u00abest\u00e9reo\u00bb.<\/p>\n<figure id=\"attachment_67\" aria-describedby=\"caption-attachment-67\" style=\"width: 370px\" class=\"wp-caption alignnone\"><img loading=\"lazy\" decoding=\"async\" class=\"wp-image-67\" src=\"\/wp-content\/uploads\/2024\/01\/imagen-2.7.png\" alt=\"\" width=\"370\" height=\"291\" \/><figcaption id=\"caption-attachment-67\" class=\"wp-caption-text\">Figura 1.7. Barra de herramientas \u00abConfiguraci\u00f3n de audio\u00bb. <br \/>Fuente: elaboraci\u00f3n propia.<\/figcaption><\/figure>\n<p>En \u00abConfiguraci\u00f3n de audio\u00bb encontraremos, adem\u00e1s, los valores anteriores, la frecuencia de muestreo del proyecto y la predeterminada que habitualmente deben ser como m\u00ednimo de 44100 Hz con una muestra predeterminada de 32 bits de coma flotante. Dejaremos los valores de latencia que aparecen por defecto.<\/p>\n<figure id=\"attachment_69\" aria-describedby=\"caption-attachment-69\" style=\"width: 640px\" class=\"wp-caption alignnone\"><img loading=\"lazy\" decoding=\"async\" class=\"wp-image-69\" src=\"\/wp-content\/uploads\/2024\/01\/imagen-2.8.png\" alt=\"\" width=\"640\" height=\"529\" srcset=\"\/wp-content\/uploads\/2024\/01\/imagen-2.8.png 582w, \/wp-content\/uploads\/2024\/01\/imagen-2.8-300x248.png 300w\" sizes=\"(max-width: 640px) 100vw, 640px\" \/><figcaption id=\"caption-attachment-69\" class=\"wp-caption-text\">Figura 1.8. Opciones de configuraci\u00f3n de audio.<br \/>Fuente: elaboraci\u00f3n propia.<\/figcaption><\/figure>\n","protected":false},"excerpt":{"rendered":"<p>Disponemos de las siguientes opciones: \u00abServidor\u00bb donde podremos elegir entre diferentes interfaces de audio. MME: Es el predeterminado de Audacity y el m\u00e1s compatible con todos los dispositivos de audio. Windows DirectSound: m\u00e1s reciente que MME y con una latencia menor. Windows WASAPI: Indicado para grabar la reproducci\u00f3n del sonido del propio ordenador. Habitualmente seleccionaremos [&hellip;]<\/p>\n","protected":false},"author":2,"featured_media":0,"parent":0,"menu_order":0,"comment_status":"closed","ping_status":"closed","template":"","meta":{"footnotes":""},"acf":[],"_links":{"self":[{"href":"https:\/\/manual-audacity-test.recursos.uoc.edu\/es\/wp-json\/wp\/v2\/pages\/181"}],"collection":[{"href":"https:\/\/manual-audacity-test.recursos.uoc.edu\/es\/wp-json\/wp\/v2\/pages"}],"about":[{"href":"https:\/\/manual-audacity-test.recursos.uoc.edu\/es\/wp-json\/wp\/v2\/types\/page"}],"author":[{"embeddable":true,"href":"https:\/\/manual-audacity-test.recursos.uoc.edu\/es\/wp-json\/wp\/v2\/users\/2"}],"replies":[{"embeddable":true,"href":"https:\/\/manual-audacity-test.recursos.uoc.edu\/es\/wp-json\/wp\/v2\/comments?post=181"}],"version-history":[{"count":4,"href":"https:\/\/manual-audacity-test.recursos.uoc.edu\/es\/wp-json\/wp\/v2\/pages\/181\/revisions"}],"predecessor-version":[{"id":435,"href":"https:\/\/manual-audacity-test.recursos.uoc.edu\/es\/wp-json\/wp\/v2\/pages\/181\/revisions\/435"}],"wp:attachment":[{"href":"https:\/\/manual-audacity-test.recursos.uoc.edu\/es\/wp-json\/wp\/v2\/media?parent=181"}],"curies":[{"name":"wp","href":"https:\/\/api.w.org\/{rel}","templated":true}]}}