{"id":187,"date":"2024-01-10T13:17:51","date_gmt":"2024-01-10T11:17:51","guid":{"rendered":"https:\/\/manual-audacity-recursos-test.azurewebsites.net\/?page_id=187"},"modified":"2024-01-30T13:37:13","modified_gmt":"2024-01-30T11:37:13","slug":"1-3-7-barra-de-herramientas-de-medidor-de-grabacion-y-reproduccion","status":"publish","type":"page","link":"https:\/\/manual-audacity-test.recursos.uoc.edu\/es\/1-3-7-barra-de-herramientas-de-medidor-de-grabacion-y-reproduccion\/","title":{"rendered":"1.3.7. Barra de herramientas de \u00abMedidor de grabaci\u00f3n\u00bb y \u00abMedidor de reproducci\u00f3n\u00bb."},"content":{"rendered":"<p>Al iniciar Audacity el control de entrada est\u00e1 desactivado. Para activarlo hacemos clic con el bot\u00f3n derecho en el \u00abMedidor de grabaci\u00f3n\u00bb o presionamos con el bot\u00f3n izquierdo el icono del micr\u00f3fono y seleccionamos iniciar monitorizaci\u00f3n, tambi\u00e9n se activar\u00e1 al presionar el bot\u00f3n de grabaci\u00f3n.<\/p>\n<figure id=\"attachment_73\" aria-describedby=\"caption-attachment-73\" style=\"width: 360px\" class=\"wp-caption alignnone\"><img loading=\"lazy\" decoding=\"async\" class=\"wp-image-73\" src=\"\/wp-content\/uploads\/2024\/01\/imagen-2.10.png\" alt=\"\" width=\"360\" height=\"99\" \/><figcaption id=\"caption-attachment-73\" class=\"wp-caption-text\">Figura 1.10. Men\u00fa contextual en el \u00abMedidor de grabaci\u00f3n\u00bb.<br \/>Fuente: elaboraci\u00f3n propia.<\/figcaption><\/figure>\n<p>El nivel de grabaci\u00f3n pude ajustarse, si el sistema operativo lo permite, a trav\u00e9s de un bot\u00f3n deslizante en el propio medidor.<\/p>\n<figure id=\"attachment_75\" aria-describedby=\"caption-attachment-75\" style=\"width: 360px\" class=\"wp-caption alignnone\"><img loading=\"lazy\" decoding=\"async\" class=\"wp-image-75\" src=\"\/wp-content\/uploads\/2024\/01\/imagen-2.11.png\" alt=\"\" width=\"360\" height=\"76\" \/><figcaption id=\"caption-attachment-75\" class=\"wp-caption-text\">Figura 1.11. Bot\u00f3n de ajuste del nivel de grabaci\u00f3n.<br \/>Fuente: elaboraci\u00f3n propia.<\/figcaption><\/figure>\n<p>La barra de herramientas de \u00abMedidor de reproducci\u00f3n\u00bb funciona de forma an\u00e1loga a la de grabaci\u00f3n pero sobre aquello que se reproduzca en Audacity.<\/p>\n<p>Una buena opci\u00f3n para poder monitorizar con m\u00e1s claridad es colocar los medidores de grabaci\u00f3n y reproducci\u00f3n debajo de las otras barras de herramientas y agrandarlos. Para moverlos debemos presionar con el rat\u00f3n en la parte izquierda del medidor y desplazarlo. Para cambiar la medida, clicamos en la parte derecha con el rat\u00f3n y dimensionamos a la medida deseada. La escala de medici\u00f3n est\u00e1 por defecto en dB, siendo 0 dB el valor m\u00e1ximo que no se debe superar.<\/p>\n<figure id=\"attachment_77\" aria-describedby=\"caption-attachment-77\" style=\"width: 640px\" class=\"wp-caption alignnone\"><img loading=\"lazy\" decoding=\"async\" class=\"wp-image-77\" src=\"\/wp-content\/uploads\/2024\/01\/imagen-2.12.png\" alt=\"\" width=\"640\" height=\"119\" srcset=\"\/wp-content\/uploads\/2024\/01\/imagen-2.12.png 864w, \/wp-content\/uploads\/2024\/01\/imagen-2.12-300x56.png 300w, \/wp-content\/uploads\/2024\/01\/imagen-2.12-768x143.png 768w\" sizes=\"(max-width: 640px) 100vw, 640px\" \/><figcaption id=\"caption-attachment-77\" class=\"wp-caption-text\">Figura 1.12. Medidores de grabaci\u00f3n y reproducci\u00f3n redimensionados.<br \/>Fuente: elaboraci\u00f3n propia.<\/figcaption><\/figure>\n<p>Significado de las barras y l\u00edneas.<\/p>\n<ol>\n<li>Nivel de pico actual: muestra el nivel m\u00e1ximo actual del audio en cada canal.<\/li>\n<li>Nivel de pico reciente: el color que se muestra depende de la coloraci\u00f3n del nivel de pico actual en ese momento. Indica el nivel de pico m\u00e1s alto alcanzado en los \u00faltimos segundos en ese canal.<\/li>\n<li>Nivel de pico m\u00e1ximo: la barra azul indica el nivel de pico m\u00e1ximo alcanzado en ese canal durante la sesi\u00f3n de reproducci\u00f3n o grabaci\u00f3n actual.<\/li>\n<li>Indicador de recorte o de clip: a la derecha, la barra roja del valor m\u00e1ximo de la escala aparece cuando hay cuatro o m\u00e1s muestras consecutivas en ese canal de audio que superan el m\u00e1ximo. No es una indicaci\u00f3n de recorte actual, sino una indicaci\u00f3n absoluta, indica que se produjo un recorte en alg\u00fan momento, esto es lo que siempre deb\u00e9is evitar.<\/li>\n<\/ol>\n<figure id=\"attachment_79\" aria-describedby=\"caption-attachment-79\" style=\"width: 640px\" class=\"wp-caption alignnone\"><img loading=\"lazy\" decoding=\"async\" class=\"wp-image-79\" src=\"\/wp-content\/uploads\/2024\/01\/imagen-2.13.png\" alt=\"\" width=\"640\" height=\"24\" srcset=\"\/wp-content\/uploads\/2024\/01\/imagen-2.13.png 916w, \/wp-content\/uploads\/2024\/01\/imagen-2.13-300x11.png 300w, \/wp-content\/uploads\/2024\/01\/imagen-2.13-768x29.png 768w\" sizes=\"(max-width: 640px) 100vw, 640px\" \/><figcaption id=\"caption-attachment-79\" class=\"wp-caption-text\">Figura 1.13. Significado de barras y l\u00edneas de los medidores.<br \/>Fuente: elaboraci\u00f3n propia.<\/figcaption><\/figure>\n<p>Pr\u00e1ctica recomendada es seleccionar en el men\u00fa Ver &gt; Mostrar recorte. En la forma de onda nos aparecer\u00e1 una l\u00ednea vertical roja cada vez que una muestra llegue o supere los 0 dB. Es interesante para monitorizar la grabaci\u00f3n o comprobar el resultado.<\/p>\n<p>Hasta tres muestras no es un problema, pero cuatro o m\u00e1s formando un bloque s\u00f3lido de color rojo indicar\u00e1 una distorsi\u00f3n grave con p\u00e9rdida de informaci\u00f3n al haber superado los 0 dB. Se debe ajustar el volumen de grabaci\u00f3n para que esto no suceda.<\/p>\n<figure id=\"attachment_81\" aria-describedby=\"caption-attachment-81\" style=\"width: 422px\" class=\"wp-caption alignnone\"><img loading=\"lazy\" decoding=\"async\" class=\"wp-image-81 size-full\" src=\"\/wp-content\/uploads\/2024\/01\/imagen-2.14.png\" alt=\"\" width=\"422\" height=\"325\" srcset=\"\/wp-content\/uploads\/2024\/01\/imagen-2.14.png 422w, \/wp-content\/uploads\/2024\/01\/imagen-2.14-300x231.png 300w\" sizes=\"(max-width: 422px) 100vw, 422px\" \/><figcaption id=\"caption-attachment-81\" class=\"wp-caption-text\">Figura 1.14. L\u00edneas rojas al llegar o superar los 0 dB.<br \/>Fuente: elaboraci\u00f3n propia.<\/figcaption><\/figure>\n","protected":false},"excerpt":{"rendered":"<p>Al iniciar Audacity el control de entrada est\u00e1 desactivado. Para activarlo hacemos clic con el bot\u00f3n derecho en el \u00abMedidor de grabaci\u00f3n\u00bb o presionamos con el bot\u00f3n izquierdo el icono del micr\u00f3fono y seleccionamos iniciar monitorizaci\u00f3n, tambi\u00e9n se activar\u00e1 al presionar el bot\u00f3n de grabaci\u00f3n. El nivel de grabaci\u00f3n pude ajustarse, si el sistema operativo [&hellip;]<\/p>\n","protected":false},"author":2,"featured_media":0,"parent":0,"menu_order":0,"comment_status":"closed","ping_status":"closed","template":"","meta":{"footnotes":""},"acf":[],"_links":{"self":[{"href":"https:\/\/manual-audacity-test.recursos.uoc.edu\/es\/wp-json\/wp\/v2\/pages\/187"}],"collection":[{"href":"https:\/\/manual-audacity-test.recursos.uoc.edu\/es\/wp-json\/wp\/v2\/pages"}],"about":[{"href":"https:\/\/manual-audacity-test.recursos.uoc.edu\/es\/wp-json\/wp\/v2\/types\/page"}],"author":[{"embeddable":true,"href":"https:\/\/manual-audacity-test.recursos.uoc.edu\/es\/wp-json\/wp\/v2\/users\/2"}],"replies":[{"embeddable":true,"href":"https:\/\/manual-audacity-test.recursos.uoc.edu\/es\/wp-json\/wp\/v2\/comments?post=187"}],"version-history":[{"count":6,"href":"https:\/\/manual-audacity-test.recursos.uoc.edu\/es\/wp-json\/wp\/v2\/pages\/187\/revisions"}],"predecessor-version":[{"id":486,"href":"https:\/\/manual-audacity-test.recursos.uoc.edu\/es\/wp-json\/wp\/v2\/pages\/187\/revisions\/486"}],"wp:attachment":[{"href":"https:\/\/manual-audacity-test.recursos.uoc.edu\/es\/wp-json\/wp\/v2\/media?parent=187"}],"curies":[{"name":"wp","href":"https:\/\/api.w.org\/{rel}","templated":true}]}}