{"id":241,"date":"2024-01-10T14:23:46","date_gmt":"2024-01-10T12:23:46","guid":{"rendered":"https:\/\/manual-audacity-recursos-test.azurewebsites.net\/?page_id=241"},"modified":"2024-01-30T13:26:49","modified_gmt":"2024-01-30T11:26:49","slug":"2-3-4-duplicar","status":"publish","type":"page","link":"https:\/\/manual-audacity-test.recursos.uoc.edu\/es\/2-3-4-duplicar\/","title":{"rendered":"2.3.4. Duplicar"},"content":{"rendered":"<p>Sobre la selecci\u00f3n, si presionamos Ctrl+D la duplicaremos creando una nueva pista que nos puede venir bien para tratar ese fragmento de forma aislada. Adem\u00e1s, situando el cursor sobre la barra de t\u00edtulo del clip en la nueva pista, este se transforma en una mano y haciendo clic en el bot\u00f3n izquierdo lo podremos desplazar horizontalmente a donde nos interese.<\/p>\n<figure id=\"attachment_115\" aria-describedby=\"caption-attachment-115\" style=\"width: 640px\" class=\"wp-caption alignnone\"><img loading=\"lazy\" decoding=\"async\" class=\"wp-image-115\" src=\"\/wp-content\/uploads\/2024\/01\/imagen-3.12.png\" alt=\"\" width=\"640\" height=\"221\" srcset=\"\/wp-content\/uploads\/2024\/01\/imagen-3.12.png 1140w, \/wp-content\/uploads\/2024\/01\/imagen-3.12-300x104.png 300w, \/wp-content\/uploads\/2024\/01\/imagen-3.12-1024x354.png 1024w, \/wp-content\/uploads\/2024\/01\/imagen-3.12-768x265.png 768w\" sizes=\"(max-width: 640px) 100vw, 640px\" \/><figcaption id=\"caption-attachment-115\" class=\"wp-caption-text\">Figura 2.12. Duplicaci\u00f3n y desplazamiento de un clip de audio.<br \/>Fuente: elaboraci\u00f3n propia.<\/figcaption><\/figure>\n","protected":false},"excerpt":{"rendered":"<p>Sobre la selecci\u00f3n, si presionamos Ctrl+D la duplicaremos creando una nueva pista que nos puede venir bien para tratar ese fragmento de forma aislada. Adem\u00e1s, situando el cursor sobre la barra de t\u00edtulo del clip en la nueva pista, este se transforma en una mano y haciendo clic en el bot\u00f3n izquierdo lo podremos desplazar [&hellip;]<\/p>\n","protected":false},"author":2,"featured_media":0,"parent":0,"menu_order":0,"comment_status":"closed","ping_status":"closed","template":"","meta":{"footnotes":""},"acf":[],"_links":{"self":[{"href":"https:\/\/manual-audacity-test.recursos.uoc.edu\/es\/wp-json\/wp\/v2\/pages\/241"}],"collection":[{"href":"https:\/\/manual-audacity-test.recursos.uoc.edu\/es\/wp-json\/wp\/v2\/pages"}],"about":[{"href":"https:\/\/manual-audacity-test.recursos.uoc.edu\/es\/wp-json\/wp\/v2\/types\/page"}],"author":[{"embeddable":true,"href":"https:\/\/manual-audacity-test.recursos.uoc.edu\/es\/wp-json\/wp\/v2\/users\/2"}],"replies":[{"embeddable":true,"href":"https:\/\/manual-audacity-test.recursos.uoc.edu\/es\/wp-json\/wp\/v2\/comments?post=241"}],"version-history":[{"count":2,"href":"https:\/\/manual-audacity-test.recursos.uoc.edu\/es\/wp-json\/wp\/v2\/pages\/241\/revisions"}],"predecessor-version":[{"id":464,"href":"https:\/\/manual-audacity-test.recursos.uoc.edu\/es\/wp-json\/wp\/v2\/pages\/241\/revisions\/464"}],"wp:attachment":[{"href":"https:\/\/manual-audacity-test.recursos.uoc.edu\/es\/wp-json\/wp\/v2\/media?parent=241"}],"curies":[{"name":"wp","href":"https:\/\/api.w.org\/{rel}","templated":true}]}}