{"id":245,"date":"2024-01-10T14:28:29","date_gmt":"2024-01-10T12:28:29","guid":{"rendered":"https:\/\/manual-audacity-recursos-test.azurewebsites.net\/?page_id=245"},"modified":"2024-02-06T12:49:02","modified_gmt":"2024-02-06T10:49:02","slug":"2-3-5-dividir-en-clips","status":"publish","type":"page","link":"https:\/\/manual-audacity-test.recursos.uoc.edu\/es\/2-3-5-dividir-en-clips\/","title":{"rendered":"2.3.5. Dividir en clips"},"content":{"rendered":"<p>Cuando tenemos una pista de audio por defecto, tambi\u00e9n es un clip. La parte que hemos seleccionado la podemos convertir en un clip independiente. Utilizamos el bot\u00f3n derecho sobre la selecci\u00f3n y dividir bloque, esto crea un clip de la parte seleccionada que despu\u00e9s podemos mover en diferentes posiciones respecto a los existentes o moverlo a una nueva pista de audio.<\/p>\n<figure id=\"attachment_117\" aria-describedby=\"caption-attachment-117\" style=\"width: 450px\" class=\"wp-caption alignnone\"><img loading=\"lazy\" decoding=\"async\" class=\"wp-image-117\" src=\"\/wp-content\/uploads\/2024\/01\/imagen-3.13.png\" alt=\"\" width=\"450\" height=\"241\" srcset=\"\/wp-content\/uploads\/2024\/01\/imagen-3.13.png 485w, \/wp-content\/uploads\/2024\/01\/imagen-3.13-300x161.png 300w\" sizes=\"(max-width: 450px) 100vw, 450px\" \/><figcaption id=\"caption-attachment-117\" class=\"wp-caption-text\">Figura 2.13. Men\u00fa contextual \u00abDividir bloque\u00bb.<br \/>Fuente: elaboraci\u00f3n propia.<\/figcaption><\/figure>\n<p>Este ser\u00eda el resultado:<\/p>\n<figure id=\"attachment_119\" aria-describedby=\"caption-attachment-119\" style=\"width: 640px\" class=\"wp-caption alignnone\"><img loading=\"lazy\" decoding=\"async\" class=\"wp-image-119\" src=\"\/wp-content\/uploads\/2024\/01\/imagen-3.14.png\" alt=\"\" width=\"640\" height=\"184\" srcset=\"\/wp-content\/uploads\/2024\/01\/imagen-3.14.png 567w, \/wp-content\/uploads\/2024\/01\/imagen-3.14-300x86.png 300w\" sizes=\"(max-width: 640px) 100vw, 640px\" \/><figcaption id=\"caption-attachment-119\" class=\"wp-caption-text\">Figura 2.14. Divisi\u00f3n de bloque y clips resultantes.<br \/>Fuente: elaboraci\u00f3n propia.<\/figcaption><\/figure>\n<p>Si queremos juntar varios clips en uno, los seleccionamos y accedemos a Pistas&gt;Mezclar&gt; Mezclar y generar.<\/p>\n","protected":false},"excerpt":{"rendered":"<p>Cuando tenemos una pista de audio por defecto, tambi\u00e9n es un clip. La parte que hemos seleccionado la podemos convertir en un clip independiente. Utilizamos el bot\u00f3n derecho sobre la selecci\u00f3n y dividir bloque, esto crea un clip de la parte seleccionada que despu\u00e9s podemos mover en diferentes posiciones respecto a los existentes o moverlo [&hellip;]<\/p>\n","protected":false},"author":2,"featured_media":0,"parent":0,"menu_order":0,"comment_status":"closed","ping_status":"closed","template":"","meta":{"footnotes":""},"acf":[],"_links":{"self":[{"href":"https:\/\/manual-audacity-test.recursos.uoc.edu\/es\/wp-json\/wp\/v2\/pages\/245"}],"collection":[{"href":"https:\/\/manual-audacity-test.recursos.uoc.edu\/es\/wp-json\/wp\/v2\/pages"}],"about":[{"href":"https:\/\/manual-audacity-test.recursos.uoc.edu\/es\/wp-json\/wp\/v2\/types\/page"}],"author":[{"embeddable":true,"href":"https:\/\/manual-audacity-test.recursos.uoc.edu\/es\/wp-json\/wp\/v2\/users\/2"}],"replies":[{"embeddable":true,"href":"https:\/\/manual-audacity-test.recursos.uoc.edu\/es\/wp-json\/wp\/v2\/comments?post=245"}],"version-history":[{"count":4,"href":"https:\/\/manual-audacity-test.recursos.uoc.edu\/es\/wp-json\/wp\/v2\/pages\/245\/revisions"}],"predecessor-version":[{"id":581,"href":"https:\/\/manual-audacity-test.recursos.uoc.edu\/es\/wp-json\/wp\/v2\/pages\/245\/revisions\/581"}],"wp:attachment":[{"href":"https:\/\/manual-audacity-test.recursos.uoc.edu\/es\/wp-json\/wp\/v2\/media?parent=245"}],"curies":[{"name":"wp","href":"https:\/\/api.w.org\/{rel}","templated":true}]}}