{"id":250,"date":"2024-01-10T14:32:51","date_gmt":"2024-01-10T12:32:51","guid":{"rendered":"https:\/\/manual-audacity-recursos-test.azurewebsites.net\/?page_id=250"},"modified":"2024-01-30T13:21:48","modified_gmt":"2024-01-30T11:21:48","slug":"2-4-1-guardar-proyectos","status":"publish","type":"page","link":"https:\/\/manual-audacity-test.recursos.uoc.edu\/es\/2-4-1-guardar-proyectos\/","title":{"rendered":"2.4.1. Guardar proyectos"},"content":{"rendered":"<p>Pod\u00e9is guardar los proyectos a trav\u00e9s del men\u00fa Archivo&gt;Guardar proyecto. Un proyecto de Audacity tiene extensi\u00f3n .aup3 y contiene toda la informaci\u00f3n sobre el proyecto, pero no es un archivo de audio, es un archivo de Audacity que solo se puede abrir con este programa.<\/p>\n<p>Hay tres opciones para guardar:<\/p>\n<ul>\n<li>\u00abGuardar proyecto\u00bb que guardar\u00e1 el proyecto actual.<\/li>\n<li>\u00abGuardar proyecto como\u2026\u00bb si queremos cambiar el nombre del proyecto que estamos editando.<\/li>\n<li>\u00abCopia de seguridad del proyecto\u00bb que guardar\u00e1 el proyecto obligatoriamente con un nombre diferente al que tiene en ese momento y que sirve para tener diferentes versiones del proyecto.<\/li>\n<\/ul>\n<figure id=\"attachment_121\" aria-describedby=\"caption-attachment-121\" style=\"width: 640px\" class=\"wp-caption alignnone\"><img loading=\"lazy\" decoding=\"async\" class=\"wp-image-121\" src=\"\/wp-content\/uploads\/2024\/01\/imagen-3.15.png\" alt=\"\" width=\"640\" height=\"216\" srcset=\"\/wp-content\/uploads\/2024\/01\/imagen-3.15.png 547w, \/wp-content\/uploads\/2024\/01\/imagen-3.15-300x101.png 300w\" sizes=\"(max-width: 640px) 100vw, 640px\" \/><figcaption id=\"caption-attachment-121\" class=\"wp-caption-text\">Figura 2.15. Men\u00fa Archivo&gt;Guardar proyecto.<br \/>Fuente: elaboraci\u00f3n propia.<\/figcaption><\/figure>\n","protected":false},"excerpt":{"rendered":"<p>Pod\u00e9is guardar los proyectos a trav\u00e9s del men\u00fa Archivo&gt;Guardar proyecto. Un proyecto de Audacity tiene extensi\u00f3n .aup3 y contiene toda la informaci\u00f3n sobre el proyecto, pero no es un archivo de audio, es un archivo de Audacity que solo se puede abrir con este programa. Hay tres opciones para guardar: \u00abGuardar proyecto\u00bb que guardar\u00e1 el [&hellip;]<\/p>\n","protected":false},"author":2,"featured_media":0,"parent":0,"menu_order":0,"comment_status":"closed","ping_status":"closed","template":"","meta":{"footnotes":""},"acf":[],"_links":{"self":[{"href":"https:\/\/manual-audacity-test.recursos.uoc.edu\/es\/wp-json\/wp\/v2\/pages\/250"}],"collection":[{"href":"https:\/\/manual-audacity-test.recursos.uoc.edu\/es\/wp-json\/wp\/v2\/pages"}],"about":[{"href":"https:\/\/manual-audacity-test.recursos.uoc.edu\/es\/wp-json\/wp\/v2\/types\/page"}],"author":[{"embeddable":true,"href":"https:\/\/manual-audacity-test.recursos.uoc.edu\/es\/wp-json\/wp\/v2\/users\/2"}],"replies":[{"embeddable":true,"href":"https:\/\/manual-audacity-test.recursos.uoc.edu\/es\/wp-json\/wp\/v2\/comments?post=250"}],"version-history":[{"count":4,"href":"https:\/\/manual-audacity-test.recursos.uoc.edu\/es\/wp-json\/wp\/v2\/pages\/250\/revisions"}],"predecessor-version":[{"id":462,"href":"https:\/\/manual-audacity-test.recursos.uoc.edu\/es\/wp-json\/wp\/v2\/pages\/250\/revisions\/462"}],"wp:attachment":[{"href":"https:\/\/manual-audacity-test.recursos.uoc.edu\/es\/wp-json\/wp\/v2\/media?parent=250"}],"curies":[{"name":"wp","href":"https:\/\/api.w.org\/{rel}","templated":true}]}}