{"id":269,"date":"2024-01-11T10:56:02","date_gmt":"2024-01-11T08:56:02","guid":{"rendered":"https:\/\/manual-audacity-recursos-test.azurewebsites.net\/?page_id=269"},"modified":"2024-01-30T13:19:41","modified_gmt":"2024-01-30T11:19:41","slug":"3-3-efecto-reduccion-de-ruido","status":"publish","type":"page","link":"https:\/\/manual-audacity-test.recursos.uoc.edu\/es\/3-3-efecto-reduccion-de-ruido\/","title":{"rendered":"3.3. Efecto \u00abReducci\u00f3n de ruido\u00bb"},"content":{"rendered":"<p>Eliminar el ruido de fondo, si existe, es una buena pr\u00e1ctica para mejorar nuestras grabaciones. De todas formas, siempre es preferible evitar el ruido de fondo en la grabaci\u00f3n buscando un entorno sin este factor.<\/p>\n<p>Este efecto funciona mejor con una fuente de ruido constante como un silbido o un zumbido. Se aplica en dos pasos, primero seleccionamos una parte donde solo se escuche el ruido de fondo que queremos eliminar, despu\u00e9s Efectos&gt;Reducci\u00f3n de ruido y reparaci\u00f3n&gt;Reducci\u00f3n de ruido y presionamos en el bot\u00f3n \u00abObtener perfil de ruido\u00bb.<\/p>\n<p>En el segundo paso seleccionamos todo el audio al que queremos eliminar el ruido y de nuevo accedemos al efecto \u00abReducci\u00f3n de ruido\u00bb.<\/p>\n<p>Reducci\u00f3n de ruido (dB) controla la cantidad de reducci\u00f3n de volumen que se aplicar\u00e1 al ruido identificado, el valor por defecto es 6.<\/p>\n<p>Sensibilidad controla la cantidad de audio que se considera como ruido en una escala que va desde 0 apagado a 24 el m\u00e1ximo, por defecto 6,00.<\/p>\n<p>Suavizado de frecuencia (bandas) selecciona el n\u00famero de bandas vecinas al ruido seleccionado donde 0 ser\u00eda desactivado y 6 el valor por defecto. Cuantas m\u00e1s bandas, m\u00e1s frecuencias ser\u00e1n eliminadas.<\/p>\n<p>Es importante probar diferentes valores hasta encontrar el mejor compromiso entre eliminaci\u00f3n del ruido y la no degradaci\u00f3n excesiva del audio.<\/p>\n<p>Si seleccionamos \u00abResiduo\u00bb y \u00abVista previa\u00bb podremos escuchar el ruido que se eliminar\u00e1. Para aplicar la reducci\u00f3n, seleccionamos \u00abReducir\u00bb y \u00abAceptar\u00bb.<\/p>\n<figure id=\"attachment_136\" aria-describedby=\"caption-attachment-136\" style=\"width: 640px\" class=\"wp-caption alignnone\"><img loading=\"lazy\" decoding=\"async\" class=\"wp-image-136\" src=\"\/wp-content\/uploads\/2024\/01\/imagen-4.2.png\" alt=\"\" width=\"640\" height=\"518\" srcset=\"\/wp-content\/uploads\/2024\/01\/imagen-4.2.png 484w, \/wp-content\/uploads\/2024\/01\/imagen-4.2-300x243.png 300w\" sizes=\"(max-width: 640px) 100vw, 640px\" \/><figcaption id=\"caption-attachment-136\" class=\"wp-caption-text\">Figura 3.2. Opciones y configuraci\u00f3n de la \u00abReducci\u00f3n de ruido\u00bb.<br \/>Fuente: elaboraci\u00f3n propia.<\/figcaption><\/figure>\n","protected":false},"excerpt":{"rendered":"<p>Eliminar el ruido de fondo, si existe, es una buena pr\u00e1ctica para mejorar nuestras grabaciones. De todas formas, siempre es preferible evitar el ruido de fondo en la grabaci\u00f3n buscando un entorno sin este factor. Este efecto funciona mejor con una fuente de ruido constante como un silbido o un zumbido. Se aplica en dos [&hellip;]<\/p>\n","protected":false},"author":2,"featured_media":0,"parent":0,"menu_order":0,"comment_status":"closed","ping_status":"closed","template":"","meta":{"footnotes":""},"acf":[],"_links":{"self":[{"href":"https:\/\/manual-audacity-test.recursos.uoc.edu\/es\/wp-json\/wp\/v2\/pages\/269"}],"collection":[{"href":"https:\/\/manual-audacity-test.recursos.uoc.edu\/es\/wp-json\/wp\/v2\/pages"}],"about":[{"href":"https:\/\/manual-audacity-test.recursos.uoc.edu\/es\/wp-json\/wp\/v2\/types\/page"}],"author":[{"embeddable":true,"href":"https:\/\/manual-audacity-test.recursos.uoc.edu\/es\/wp-json\/wp\/v2\/users\/2"}],"replies":[{"embeddable":true,"href":"https:\/\/manual-audacity-test.recursos.uoc.edu\/es\/wp-json\/wp\/v2\/comments?post=269"}],"version-history":[{"count":3,"href":"https:\/\/manual-audacity-test.recursos.uoc.edu\/es\/wp-json\/wp\/v2\/pages\/269\/revisions"}],"predecessor-version":[{"id":459,"href":"https:\/\/manual-audacity-test.recursos.uoc.edu\/es\/wp-json\/wp\/v2\/pages\/269\/revisions\/459"}],"wp:attachment":[{"href":"https:\/\/manual-audacity-test.recursos.uoc.edu\/es\/wp-json\/wp\/v2\/media?parent=269"}],"curies":[{"name":"wp","href":"https:\/\/api.w.org\/{rel}","templated":true}]}}