{"id":271,"date":"2024-01-11T11:01:06","date_gmt":"2024-01-11T09:01:06","guid":{"rendered":"https:\/\/manual-audacity-recursos-test.azurewebsites.net\/?page_id=271"},"modified":"2024-01-30T13:18:37","modified_gmt":"2024-01-30T11:18:37","slug":"3-4-efecto-puerta-de-ruido","status":"publish","type":"page","link":"https:\/\/manual-audacity-test.recursos.uoc.edu\/es\/3-4-efecto-puerta-de-ruido\/","title":{"rendered":"3.4. Efecto \u00abPuerta de ruido\u00bb"},"content":{"rendered":"<p>La puerta de ruido es otro efecto que nos puede ayudar a mejorar nuestro audio. Cualquier sonido por debajo de un determinado umbral queda atenuado, mientras que los sonidos m\u00e1s fuertes no se ven afectados. Se recomienda aplicarlo despu\u00e9s de la reducci\u00f3n de ruido, de esta forma se puede aplicar una reducci\u00f3n de ruido menos agresiva que permitir\u00e1 un resultado final m\u00e1s limpio.<\/p>\n<p>De nuevo este efecto se aplica en dos pasos. En el primero seleccionamos la parte de audio en la que solo est\u00e1 el ruido de fondo en el men\u00fa Efecto&gt;Reducci\u00f3n de ruido y reparaci\u00f3n&gt;Puerta de ruido. En \u00abSeleccionar funci\u00f3n\u00bb escogemos \u00abAnalizar nivel de ruido\u00bb y presionamos \u00abAplicar\u00bb.<\/p>\n<figure id=\"attachment_138\" aria-describedby=\"caption-attachment-138\" style=\"width: 640px\" class=\"wp-caption alignnone\"><img loading=\"lazy\" decoding=\"async\" class=\"wp-image-138\" src=\"\/wp-content\/uploads\/2024\/01\/imagen-4.3.png\" alt=\"\" width=\"640\" height=\"133\" srcset=\"\/wp-content\/uploads\/2024\/01\/imagen-4.3.png 512w, \/wp-content\/uploads\/2024\/01\/imagen-4.3-300x62.png 300w\" sizes=\"(max-width: 640px) 100vw, 640px\" \/><figcaption id=\"caption-attachment-138\" class=\"wp-caption-text\">Figura 3.3. Opciones de la puerta de ruido.<br \/>Fuente: elaboraci\u00f3n propia.<\/figcaption><\/figure>\n<p>Nos mostrar\u00e1 una configuraci\u00f3n de umbral recomendada que deberemos aplicar seguidamente.<\/p>\n<figure id=\"attachment_140\" aria-describedby=\"caption-attachment-140\" style=\"width: 400px\" class=\"wp-caption alignnone\"><img loading=\"lazy\" decoding=\"async\" class=\"wp-image-140\" src=\"\/wp-content\/uploads\/2024\/01\/imagen-4.4.png\" alt=\"\" width=\"400\" height=\"194\" srcset=\"\/wp-content\/uploads\/2024\/01\/imagen-4.4.png 349w, \/wp-content\/uploads\/2024\/01\/imagen-4.4-300x145.png 300w\" sizes=\"(max-width: 400px) 100vw, 400px\" \/><figcaption id=\"caption-attachment-140\" class=\"wp-caption-text\">Figura 3.4. Recomendaci\u00f3n de umbral para la puerta de ruido.<br \/>Fuente: elaboraci\u00f3n propia.<\/figcaption><\/figure>\n<p>Ahora seleccionamos todo el audio donde queremos aplicar la puerta de ruido y volvemos a escoger el efecto en el men\u00fa. Seleccionamos la funci\u00f3n \u00abPuerta\u00bb y el valor de umbral propuesto.<\/p>\n<p>El valor de \u00abFrecuencias de puertas superiores (kHz)\u00bb que por defecto es cero, act\u00faa sobre todo el audio. Si se establece un valor diferente, el efecto act\u00faa sobre las frecuencias por encima del nivel de kHz establecido y las frecuencias m\u00e1s bajas pasan a trav\u00e9s de la puerta sin verse afectadas.<\/p>\n<figure id=\"attachment_142\" aria-describedby=\"caption-attachment-142\" style=\"width: 640px\" class=\"wp-caption alignnone\"><img loading=\"lazy\" decoding=\"async\" class=\"wp-image-142\" src=\"\/wp-content\/uploads\/2024\/01\/imagen-4.5.png\" alt=\"\" width=\"640\" height=\"425\" srcset=\"\/wp-content\/uploads\/2024\/01\/imagen-4.5.png 511w, \/wp-content\/uploads\/2024\/01\/imagen-4.5-300x199.png 300w\" sizes=\"(max-width: 640px) 100vw, 640px\" \/><figcaption id=\"caption-attachment-142\" class=\"wp-caption-text\">Figura 3.5. Configuraci\u00f3n de \u00abPuerta de ruido\u00bb.<br \/>Fuente: elaboraci\u00f3n propia.<\/figcaption><\/figure>\n","protected":false},"excerpt":{"rendered":"<p>La puerta de ruido es otro efecto que nos puede ayudar a mejorar nuestro audio. Cualquier sonido por debajo de un determinado umbral queda atenuado, mientras que los sonidos m\u00e1s fuertes no se ven afectados. Se recomienda aplicarlo despu\u00e9s de la reducci\u00f3n de ruido, de esta forma se puede aplicar una reducci\u00f3n de ruido menos [&hellip;]<\/p>\n","protected":false},"author":2,"featured_media":0,"parent":0,"menu_order":0,"comment_status":"closed","ping_status":"closed","template":"","meta":{"footnotes":""},"acf":[],"_links":{"self":[{"href":"https:\/\/manual-audacity-test.recursos.uoc.edu\/es\/wp-json\/wp\/v2\/pages\/271"}],"collection":[{"href":"https:\/\/manual-audacity-test.recursos.uoc.edu\/es\/wp-json\/wp\/v2\/pages"}],"about":[{"href":"https:\/\/manual-audacity-test.recursos.uoc.edu\/es\/wp-json\/wp\/v2\/types\/page"}],"author":[{"embeddable":true,"href":"https:\/\/manual-audacity-test.recursos.uoc.edu\/es\/wp-json\/wp\/v2\/users\/2"}],"replies":[{"embeddable":true,"href":"https:\/\/manual-audacity-test.recursos.uoc.edu\/es\/wp-json\/wp\/v2\/comments?post=271"}],"version-history":[{"count":3,"href":"https:\/\/manual-audacity-test.recursos.uoc.edu\/es\/wp-json\/wp\/v2\/pages\/271\/revisions"}],"predecessor-version":[{"id":457,"href":"https:\/\/manual-audacity-test.recursos.uoc.edu\/es\/wp-json\/wp\/v2\/pages\/271\/revisions\/457"}],"wp:attachment":[{"href":"https:\/\/manual-audacity-test.recursos.uoc.edu\/es\/wp-json\/wp\/v2\/media?parent=271"}],"curies":[{"name":"wp","href":"https:\/\/api.w.org\/{rel}","templated":true}]}}