{"id":286,"date":"2024-01-11T11:17:25","date_gmt":"2024-01-11T09:17:25","guid":{"rendered":"https:\/\/manual-audacity-recursos-test.azurewebsites.net\/?page_id=286"},"modified":"2024-01-30T13:15:43","modified_gmt":"2024-01-30T11:15:43","slug":"4-2-efecto-de-amplificar-y-recorte","status":"publish","type":"page","link":"https:\/\/manual-audacity-test.recursos.uoc.edu\/es\/4-2-efecto-de-amplificar-y-recorte\/","title":{"rendered":"4.2. Efecto de amplificar y recorte"},"content":{"rendered":"<p>Este efecto se utiliza para cambiar el volumen de las pistas o de las selecciones de audio realizadas, a diferencia de \u00abNormalizar\u00bb, no puede diferenciar entre canales ni eliminar la compensaci\u00f3n para centrar el audio verticalmente.<\/p>\n<p>Una vez seleccionado el audio, Efecto&gt;Volumen y compresi\u00f3n&gt;Amplificar donde por defecto se nos propone una amplificaci\u00f3n con un pico de amplitud de 0 dB. Si se permite el recorte se puede superar el valor de 0 dB quedando el audio distorsionado. Si nuestro proyecto trabaja con 32 bits de coma flotante, este se puede recuperar sin p\u00e9rdidas con una amplificaci\u00f3n negativa.<\/p>\n<figure id=\"attachment_152\" aria-describedby=\"caption-attachment-152\" style=\"width: 400px\" class=\"wp-caption alignnone\"><img loading=\"lazy\" decoding=\"async\" class=\"wp-image-152\" src=\"\/wp-content\/uploads\/2024\/01\/imagen-5.3.png\" alt=\"\" width=\"400\" height=\"201\" srcset=\"\/wp-content\/uploads\/2024\/01\/imagen-5.3.png 399w, \/wp-content\/uploads\/2024\/01\/imagen-5.3-300x150.png 300w\" sizes=\"(max-width: 400px) 100vw, 400px\" \/><figcaption id=\"caption-attachment-152\" class=\"wp-caption-text\">Figura 4.3. Configuraci\u00f3n de \u00abAmplificar\u00bb.<br \/>Fuente: elaboraci\u00f3n propia.<\/figcaption><\/figure>\n","protected":false},"excerpt":{"rendered":"<p>Este efecto se utiliza para cambiar el volumen de las pistas o de las selecciones de audio realizadas, a diferencia de \u00abNormalizar\u00bb, no puede diferenciar entre canales ni eliminar la compensaci\u00f3n para centrar el audio verticalmente. Una vez seleccionado el audio, Efecto&gt;Volumen y compresi\u00f3n&gt;Amplificar donde por defecto se nos propone una amplificaci\u00f3n con un pico [&hellip;]<\/p>\n","protected":false},"author":2,"featured_media":0,"parent":0,"menu_order":0,"comment_status":"closed","ping_status":"closed","template":"","meta":{"footnotes":""},"acf":[],"_links":{"self":[{"href":"https:\/\/manual-audacity-test.recursos.uoc.edu\/es\/wp-json\/wp\/v2\/pages\/286"}],"collection":[{"href":"https:\/\/manual-audacity-test.recursos.uoc.edu\/es\/wp-json\/wp\/v2\/pages"}],"about":[{"href":"https:\/\/manual-audacity-test.recursos.uoc.edu\/es\/wp-json\/wp\/v2\/types\/page"}],"author":[{"embeddable":true,"href":"https:\/\/manual-audacity-test.recursos.uoc.edu\/es\/wp-json\/wp\/v2\/users\/2"}],"replies":[{"embeddable":true,"href":"https:\/\/manual-audacity-test.recursos.uoc.edu\/es\/wp-json\/wp\/v2\/comments?post=286"}],"version-history":[{"count":2,"href":"https:\/\/manual-audacity-test.recursos.uoc.edu\/es\/wp-json\/wp\/v2\/pages\/286\/revisions"}],"predecessor-version":[{"id":451,"href":"https:\/\/manual-audacity-test.recursos.uoc.edu\/es\/wp-json\/wp\/v2\/pages\/286\/revisions\/451"}],"wp:attachment":[{"href":"https:\/\/manual-audacity-test.recursos.uoc.edu\/es\/wp-json\/wp\/v2\/media?parent=286"}],"curies":[{"name":"wp","href":"https:\/\/api.w.org\/{rel}","templated":true}]}}