{"id":366,"date":"2024-01-11T12:00:37","date_gmt":"2024-01-11T10:00:37","guid":{"rendered":"https:\/\/manual-audacity-recursos-test.azurewebsites.net\/?page_id=366"},"modified":"2024-01-30T13:09:31","modified_gmt":"2024-01-30T11:09:31","slug":"5-1-vista-de-espectrograma","status":"publish","type":"page","link":"https:\/\/manual-audacity-test.recursos.uoc.edu\/es\/5-1-vista-de-espectrograma\/","title":{"rendered":"5.1. Vista de espectrograma"},"content":{"rendered":"<p>Audacity tiene dos herramientas para el an\u00e1lisis espectral, la vista de espectrograma por pista y el \u00abAn\u00e1lisis de espectro\u00bb.<\/p>\n<p>Acceder a la vista de espectrograma en el men\u00fa desplegable de pistas seleccionamos \u00abEspectrograma\u00bb.<\/p>\n<figure id=\"attachment_339\" aria-describedby=\"caption-attachment-339\" style=\"width: 306px\" class=\"wp-caption alignnone\"><img loading=\"lazy\" decoding=\"async\" class=\"wp-image-339 size-full\" src=\"\/wp-content\/uploads\/2024\/01\/imagen-6.1.png\" alt=\"\" width=\"306\" height=\"425\" srcset=\"\/wp-content\/uploads\/2024\/01\/imagen-6.1.png 306w, \/wp-content\/uploads\/2024\/01\/imagen-6.1-216x300.png 216w\" sizes=\"(max-width: 306px) 100vw, 306px\" \/><figcaption id=\"caption-attachment-339\" class=\"wp-caption-text\">Figura 5.1. Men\u00fa de la pista&gt;Espectrograma.<br \/>Fuente: elaboraci\u00f3n propia.<\/figcaption><\/figure>\n<p>En \u00abConfiguraci\u00f3n de espectrograma\u00bb podremos modificar la escala a los colores, los algoritmos utilizados y el tama\u00f1o de la ventana.<\/p>\n<figure id=\"attachment_341\" aria-describedby=\"caption-attachment-341\" style=\"width: 500px\" class=\"wp-caption alignnone\"><img loading=\"lazy\" decoding=\"async\" class=\"wp-image-341\" src=\"\/wp-content\/uploads\/2024\/01\/imagen-6.2.png\" alt=\"\" width=\"500\" height=\"341\" srcset=\"\/wp-content\/uploads\/2024\/01\/imagen-6.2.png 567w, \/wp-content\/uploads\/2024\/01\/imagen-6.2-300x205.png 300w\" sizes=\"(max-width: 500px) 100vw, 500px\" \/><figcaption id=\"caption-attachment-341\" class=\"wp-caption-text\">Figura 5.2. Configuraci\u00f3n del espectrograma.<br \/>Fuente: elaboraci\u00f3n propia.<\/figcaption><\/figure>\n<p>Esta es la vista de espectrograma, que proporciona una indicaci\u00f3n visual de c\u00f3mo cambia la energ\u00eda en diferentes bandas de frecuencia con el tiempo.<\/p>\n<figure id=\"attachment_343\" aria-describedby=\"caption-attachment-343\" style=\"width: 500px\" class=\"wp-caption alignnone\"><img loading=\"lazy\" decoding=\"async\" class=\"wp-image-343\" src=\"\/wp-content\/uploads\/2024\/01\/imagen-6.3.png\" alt=\"\" width=\"500\" height=\"149\" srcset=\"\/wp-content\/uploads\/2024\/01\/imagen-6.3.png 567w, \/wp-content\/uploads\/2024\/01\/imagen-6.3-300x89.png 300w\" sizes=\"(max-width: 500px) 100vw, 500px\" \/><figcaption id=\"caption-attachment-343\" class=\"wp-caption-text\">Figura 5.3. Espectrograma.<br \/>Fuente: elaboraci\u00f3n propia.<\/figcaption><\/figure>\n<p>Para ver con m\u00e1s detalle un rango de frecuencias espec\u00edfico podemos determinar una frecuencia m\u00ednima y una frecuencia m\u00e1xima en la \u00abConfiguraci\u00f3n de espectrograma\u00bb, como hemos visto anteriormente. El ejemplo siguiente vamos a fijarlas en 500 y 1500 Hz. Observaremos la banda alrededor de los 1000\u202fHz. Se aprecian unas partes rectangulares m\u00e1s blancas que corresponden a una frecuencia que queremos eliminar o modificar.<\/p>\n<figure id=\"attachment_345\" aria-describedby=\"caption-attachment-345\" style=\"width: 500px\" class=\"wp-caption alignnone\"><img loading=\"lazy\" decoding=\"async\" class=\"wp-image-345\" src=\"\/wp-content\/uploads\/2024\/01\/imagen-6.4.png\" alt=\"\" width=\"500\" height=\"149\" srcset=\"\/wp-content\/uploads\/2024\/01\/imagen-6.4.png 567w, \/wp-content\/uploads\/2024\/01\/imagen-6.4-300x89.png 300w\" sizes=\"(max-width: 500px) 100vw, 500px\" \/><figcaption id=\"caption-attachment-345\" class=\"wp-caption-text\">Figura 5.4. Detalle alrededor de 1000\u202fHz.<br \/>Fuente: elaboraci\u00f3n propia.<\/figcaption><\/figure>\n<p>Una de las utilidades de esta vista es la posibilidad de edici\u00f3n. Para seleccionar la parte que queremos editar colocamos el cursor sobre la posici\u00f3n vertical que deseamos que sea la frecuencia central aproximada sobre la que actuar, luego hacemos clic y arrastramos la selecci\u00f3n horizontalmente. Aparece una l\u00ednea horizontal junto a un puntero del rat\u00f3n que define la frecuencia central. Podemos arrastrar verticalmente para definir el ancho, o sea el rango de frecuencias sobre las que actuaremos. Se dibuja un cuadro que contiene un rango de frecuencias y un rango de tiempo tal como se muestra a continuaci\u00f3n.<\/p>\n<figure id=\"attachment_347\" aria-describedby=\"caption-attachment-347\" style=\"width: 500px\" class=\"wp-caption alignnone\"><img loading=\"lazy\" decoding=\"async\" class=\"wp-image-347\" src=\"\/wp-content\/uploads\/2024\/01\/imagen-6.5.png\" alt=\"\" width=\"500\" height=\"155\" srcset=\"\/wp-content\/uploads\/2024\/01\/imagen-6.5.png 567w, \/wp-content\/uploads\/2024\/01\/imagen-6.5-300x93.png 300w\" sizes=\"(max-width: 500px) 100vw, 500px\" \/><figcaption id=\"caption-attachment-347\" class=\"wp-caption-text\">Figura 5.5. Espectrograma ampliado.<br \/>Fuente: elaboraci\u00f3n propia.<\/figcaption><\/figure>\n<p>Para editar la selecci\u00f3n disponemos de varias herramientas en el men\u00fa Efecto&gt;Herramientas espectrales.<\/p>\n<figure id=\"attachment_327\" aria-describedby=\"caption-attachment-327\" style=\"width: 500px\" class=\"wp-caption alignnone\"><img loading=\"lazy\" decoding=\"async\" class=\"wp-image-327\" src=\"\/wp-content\/uploads\/2024\/01\/imagen-6.6.png\" alt=\"\" width=\"500\" height=\"301\" srcset=\"\/wp-content\/uploads\/2024\/01\/imagen-6.6.png 567w, \/wp-content\/uploads\/2024\/01\/imagen-6.6-300x180.png 300w\" sizes=\"(max-width: 500px) 100vw, 500px\" \/><figcaption id=\"caption-attachment-327\" class=\"wp-caption-text\">Figura 5.6. Men\u00fa Efecto&gt;Herramientas espectrales.<br \/>Fuente: elaboraci\u00f3n propia.<\/figcaption><\/figure>\n<p>En este caso vamos a eliminar este rango de frecuencias en esta parte del audio con \u00abBorrar espectrograma\u00bb y este ser\u00e1 el resultado el siguiente.<\/p>\n<figure id=\"attachment_329\" aria-describedby=\"caption-attachment-329\" style=\"width: 500px\" class=\"wp-caption alignnone\"><img loading=\"lazy\" decoding=\"async\" class=\"wp-image-329\" src=\"\/wp-content\/uploads\/2024\/01\/imagen-6.7.png\" alt=\"\" width=\"500\" height=\"154\" srcset=\"\/wp-content\/uploads\/2024\/01\/imagen-6.7.png 567w, \/wp-content\/uploads\/2024\/01\/imagen-6.7-300x93.png 300w\" sizes=\"(max-width: 500px) 100vw, 500px\" \/><figcaption id=\"caption-attachment-329\" class=\"wp-caption-text\">Figura 5.7. Resultado de borrar parte del espectrograma.<br \/>Fuente: elaboraci\u00f3n propia.<\/figcaption><\/figure>\n","protected":false},"excerpt":{"rendered":"<p>Audacity tiene dos herramientas para el an\u00e1lisis espectral, la vista de espectrograma por pista y el \u00abAn\u00e1lisis de espectro\u00bb. Acceder a la vista de espectrograma en el men\u00fa desplegable de pistas seleccionamos \u00abEspectrograma\u00bb. En \u00abConfiguraci\u00f3n de espectrograma\u00bb podremos modificar la escala a los colores, los algoritmos utilizados y el tama\u00f1o de la ventana. Esta es [&hellip;]<\/p>\n","protected":false},"author":2,"featured_media":0,"parent":0,"menu_order":0,"comment_status":"closed","ping_status":"closed","template":"","meta":{"footnotes":""},"acf":[],"_links":{"self":[{"href":"https:\/\/manual-audacity-test.recursos.uoc.edu\/es\/wp-json\/wp\/v2\/pages\/366"}],"collection":[{"href":"https:\/\/manual-audacity-test.recursos.uoc.edu\/es\/wp-json\/wp\/v2\/pages"}],"about":[{"href":"https:\/\/manual-audacity-test.recursos.uoc.edu\/es\/wp-json\/wp\/v2\/types\/page"}],"author":[{"embeddable":true,"href":"https:\/\/manual-audacity-test.recursos.uoc.edu\/es\/wp-json\/wp\/v2\/users\/2"}],"replies":[{"embeddable":true,"href":"https:\/\/manual-audacity-test.recursos.uoc.edu\/es\/wp-json\/wp\/v2\/comments?post=366"}],"version-history":[{"count":3,"href":"https:\/\/manual-audacity-test.recursos.uoc.edu\/es\/wp-json\/wp\/v2\/pages\/366\/revisions"}],"predecessor-version":[{"id":446,"href":"https:\/\/manual-audacity-test.recursos.uoc.edu\/es\/wp-json\/wp\/v2\/pages\/366\/revisions\/446"}],"wp:attachment":[{"href":"https:\/\/manual-audacity-test.recursos.uoc.edu\/es\/wp-json\/wp\/v2\/media?parent=366"}],"curies":[{"name":"wp","href":"https:\/\/api.w.org\/{rel}","templated":true}]}}