{"id":369,"date":"2024-01-11T12:03:48","date_gmt":"2024-01-11T10:03:48","guid":{"rendered":"https:\/\/manual-audacity-recursos-test.azurewebsites.net\/?page_id=369"},"modified":"2024-01-30T13:05:14","modified_gmt":"2024-01-30T11:05:14","slug":"5-2-analisis-de-espectro","status":"publish","type":"page","link":"https:\/\/manual-audacity-test.recursos.uoc.edu\/es\/5-2-analisis-de-espectro\/","title":{"rendered":"5.2. An\u00e1lisis de espectro"},"content":{"rendered":"<p>Se selecciona el audio que se quiere analizar y se accede al men\u00fa Analizar&gt;An\u00e1lisis de espectro.<\/p>\n<p>Esto nos proporciona un gr\u00e1fico de frecuencias (Hz) en la escala horizontal y amplitudes (dB) en la escala vertical.<\/p>\n<figure id=\"attachment_331\" aria-describedby=\"caption-attachment-331\" style=\"width: 500px\" class=\"wp-caption alignnone\"><img loading=\"lazy\" decoding=\"async\" class=\"wp-image-331\" src=\"\/wp-content\/uploads\/2024\/01\/imagen-6.8.png\" alt=\"\" width=\"500\" height=\"493\" srcset=\"\/wp-content\/uploads\/2024\/01\/imagen-6.8.png 561w, \/wp-content\/uploads\/2024\/01\/imagen-6.8-300x296.png 300w\" sizes=\"(max-width: 500px) 100vw, 500px\" \/><figcaption id=\"caption-attachment-331\" class=\"wp-caption-text\">Figura 5.8. Ventana de \u00abAn\u00e1lisis de frecuencia\u00bb.<br \/>Fuente: elaboraci\u00f3n propia.<\/figcaption><\/figure>\n<p>El algoritmo elegido por defecto es \u00abEspectro\u00bb, que utiliza la transformada r\u00e1pida de Fourier (FFT). Proporciona un valor a cada banda estrecha de frecuencias representando la cantidad de cada una de esas bandas presentes en el audio. Despu\u00e9s los valores se interpolan para crear el gr\u00e1fico.<\/p>\n<p>El \u00abTama\u00f1o\u00bb controla cuantas divisiones de frecuencia se utilizan, cuanto m\u00e1s alto es su valor, m\u00e1s precisa es la representaci\u00f3n porque las bandas de frecuencia son m\u00e1s estrechas.<\/p>\n<p>Aunque el valor inicial es de 1024, un valor de 8192 puede ser deseable en muchos casos. Tambi\u00e9n para la mayor\u00eda de situaciones es recomendable utilizar la funci\u00f3n Ventana Hann y en el \u00abEje\u00bb podemos utilizar la \u00abFrecuencia logar\u00edtmica\u00bb que es la opci\u00f3n por defecto o una escala lineal.<\/p>\n<p>&nbsp;<\/p>\n<p>&nbsp;<\/p>\n","protected":false},"excerpt":{"rendered":"<p>Se selecciona el audio que se quiere analizar y se accede al men\u00fa Analizar&gt;An\u00e1lisis de espectro. Esto nos proporciona un gr\u00e1fico de frecuencias (Hz) en la escala horizontal y amplitudes (dB) en la escala vertical. El algoritmo elegido por defecto es \u00abEspectro\u00bb, que utiliza la transformada r\u00e1pida de Fourier (FFT). Proporciona un valor a cada [&hellip;]<\/p>\n","protected":false},"author":2,"featured_media":0,"parent":0,"menu_order":0,"comment_status":"closed","ping_status":"closed","template":"","meta":{"footnotes":""},"acf":[],"_links":{"self":[{"href":"https:\/\/manual-audacity-test.recursos.uoc.edu\/es\/wp-json\/wp\/v2\/pages\/369"}],"collection":[{"href":"https:\/\/manual-audacity-test.recursos.uoc.edu\/es\/wp-json\/wp\/v2\/pages"}],"about":[{"href":"https:\/\/manual-audacity-test.recursos.uoc.edu\/es\/wp-json\/wp\/v2\/types\/page"}],"author":[{"embeddable":true,"href":"https:\/\/manual-audacity-test.recursos.uoc.edu\/es\/wp-json\/wp\/v2\/users\/2"}],"replies":[{"embeddable":true,"href":"https:\/\/manual-audacity-test.recursos.uoc.edu\/es\/wp-json\/wp\/v2\/comments?post=369"}],"version-history":[{"count":3,"href":"https:\/\/manual-audacity-test.recursos.uoc.edu\/es\/wp-json\/wp\/v2\/pages\/369\/revisions"}],"predecessor-version":[{"id":442,"href":"https:\/\/manual-audacity-test.recursos.uoc.edu\/es\/wp-json\/wp\/v2\/pages\/369\/revisions\/442"}],"wp:attachment":[{"href":"https:\/\/manual-audacity-test.recursos.uoc.edu\/es\/wp-json\/wp\/v2\/media?parent=369"}],"curies":[{"name":"wp","href":"https:\/\/api.w.org\/{rel}","templated":true}]}}