{"id":374,"date":"2024-01-11T12:06:29","date_gmt":"2024-01-11T10:06:29","guid":{"rendered":"https:\/\/manual-audacity-recursos-test.azurewebsites.net\/?page_id=374"},"modified":"2024-01-12T13:26:18","modified_gmt":"2024-01-12T11:26:18","slug":"6-1-grabacion","status":"publish","type":"page","link":"https:\/\/manual-audacity-test.recursos.uoc.edu\/es\/6-1-grabacion\/","title":{"rendered":"6.1. Grabaci\u00f3n"},"content":{"rendered":"<p>En los apartados anteriores hemos visto c\u00f3mo grabar la voz, c\u00f3mo grabar audio directamente desde nuestro ordenador y tambi\u00e9n como mejorar las grabaciones.<\/p>\n<p>Algunos consejos para grabar la voz.<\/p>\n<ul>\n<li>Es necesario que la distancia entre la boca y el micr\u00f3fono sea de entre 5 y 15 cm. Tambi\u00e9n que la posici\u00f3n sea siempre la misma, evitando dejar de hablar directamente hacia \u00e9l.<\/li>\n<li>Es imprescindible hacer pruebas con el software de grabaci\u00f3n para poder ajustar el volumen y que en ning\u00fan caso lleguemos al recorte y, por tanto, a la saturaci\u00f3n. Deber\u00edamos estar regularmente alrededor de los -3 dB. Despu\u00e9s en la edici\u00f3n podemos llegar hasta los 0 dB sin sobrepasarlos.<\/li>\n<li>La mejor reducci\u00f3n de ruido es la que se consigue antes de grabar. Un factor a tener en cuenta es la hora, generalmente por la noche o temprano por la ma\u00f1ana, es cuando hay menos ruido ambiental.<\/li>\n<li>Ser\u00eda ideal encontrar un lugar sin ruidos donde la voz no se refleje creando reverberaci\u00f3n. Las superficies planas y duras como cristales, techos, suelos o paredes desnudas har\u00e1n que la voz rebote en ellas y parecer\u00e1 que est\u00e9is en una iglesia. Las superficies blandas, como un sof\u00e1, una cortina, una alfombra o un colch\u00f3n, hacen el efecto contrario y absorben el sonido evitando la reverberaci\u00f3n.<\/li>\n<li>Para grabaciones cortas o puntuales, si no disponemos de un buen lugar, podemos buscar uno original y divertido, como por ejemplo en la cama, sentados y totalmente tapados, o dentro de un armario lleno de ropa, o en una habitaci\u00f3n con alfombra, moqueta o cortinas, etc.<\/li>\n<li>Es tambi\u00e9n muy recomendable realizar varias grabaciones para luego poder elegir la mejor.<\/li>\n<\/ul>\n<p>Algunos consejos para grabar m\u00fasica.<\/p>\n<ul>\n<li>Asegurarnos que la fuente tenga la m\u00e1xima calidad posible, si es con un formato de compresi\u00f3n con perdida, que esta sea la menor posible.<\/li>\n<li>La m\u00fasica habitualmente ha sido editada, procesada y masterizada, por lo que su nivel m\u00e1ximo suele ser homog\u00e9neo. Debemos asegurarnos de estar cerca de 0 dB, pero no llegar al recorte o distorsi\u00f3n en ning\u00fan caso.<\/li>\n<\/ul>\n","protected":false},"excerpt":{"rendered":"<p>En los apartados anteriores hemos visto c\u00f3mo grabar la voz, c\u00f3mo grabar audio directamente desde nuestro ordenador y tambi\u00e9n como mejorar las grabaciones. Algunos consejos para grabar la voz. Es necesario que la distancia entre la boca y el micr\u00f3fono sea de entre 5 y 15 cm. Tambi\u00e9n que la posici\u00f3n sea siempre la misma, [&hellip;]<\/p>\n","protected":false},"author":2,"featured_media":0,"parent":0,"menu_order":0,"comment_status":"closed","ping_status":"closed","template":"","meta":{"footnotes":""},"acf":[],"_links":{"self":[{"href":"https:\/\/manual-audacity-test.recursos.uoc.edu\/es\/wp-json\/wp\/v2\/pages\/374"}],"collection":[{"href":"https:\/\/manual-audacity-test.recursos.uoc.edu\/es\/wp-json\/wp\/v2\/pages"}],"about":[{"href":"https:\/\/manual-audacity-test.recursos.uoc.edu\/es\/wp-json\/wp\/v2\/types\/page"}],"author":[{"embeddable":true,"href":"https:\/\/manual-audacity-test.recursos.uoc.edu\/es\/wp-json\/wp\/v2\/users\/2"}],"replies":[{"embeddable":true,"href":"https:\/\/manual-audacity-test.recursos.uoc.edu\/es\/wp-json\/wp\/v2\/comments?post=374"}],"version-history":[{"count":3,"href":"https:\/\/manual-audacity-test.recursos.uoc.edu\/es\/wp-json\/wp\/v2\/pages\/374\/revisions"}],"predecessor-version":[{"id":409,"href":"https:\/\/manual-audacity-test.recursos.uoc.edu\/es\/wp-json\/wp\/v2\/pages\/374\/revisions\/409"}],"wp:attachment":[{"href":"https:\/\/manual-audacity-test.recursos.uoc.edu\/es\/wp-json\/wp\/v2\/media?parent=374"}],"curies":[{"name":"wp","href":"https:\/\/api.w.org\/{rel}","templated":true}]}}