{"id":378,"date":"2024-01-11T12:09:31","date_gmt":"2024-01-11T10:09:31","guid":{"rendered":"https:\/\/manual-audacity-recursos-test.azurewebsites.net\/?page_id=378"},"modified":"2024-01-12T13:23:25","modified_gmt":"2024-01-12T11:23:25","slug":"6-2-1-introduccion","status":"publish","type":"page","link":"https:\/\/manual-audacity-test.recursos.uoc.edu\/es\/6-2-1-introduccion\/","title":{"rendered":"6.2.1. Introducci\u00f3n"},"content":{"rendered":"<p>En la edici\u00f3n podemos aplicar si es necesario todo lo que se explica en el apartado \u00ab<a href=\"https:\/\/manual-audacity-recursos-test.azurewebsites.net\/es\/3-1-efecto-eliminacion-de-click\/\" target=\"_blank\" rel=\"noopener\">3. Mejorando las grabaciones<\/a>\u00bb.<\/p>\n<p>Como regla general, en la voz aplicaremos reducci\u00f3n de ruido, si es necesario, algo de compresi\u00f3n para reducir su rango din\u00e1mico otorg\u00e1ndole as\u00ed una presencia constante y como paso final normalizaremos a un valor de 0 dB o cercano a este.<\/p>\n<p>Para la m\u00fasica, habitualmente con la normalizaci\u00f3n a 0 dB es suficiente.<\/p>\n","protected":false},"excerpt":{"rendered":"<p>En la edici\u00f3n podemos aplicar si es necesario todo lo que se explica en el apartado \u00ab3. Mejorando las grabaciones\u00bb. Como regla general, en la voz aplicaremos reducci\u00f3n de ruido, si es necesario, algo de compresi\u00f3n para reducir su rango din\u00e1mico otorg\u00e1ndole as\u00ed una presencia constante y como paso final normalizaremos a un valor de [&hellip;]<\/p>\n","protected":false},"author":2,"featured_media":0,"parent":0,"menu_order":0,"comment_status":"closed","ping_status":"closed","template":"","meta":{"footnotes":""},"acf":[],"_links":{"self":[{"href":"https:\/\/manual-audacity-test.recursos.uoc.edu\/es\/wp-json\/wp\/v2\/pages\/378"}],"collection":[{"href":"https:\/\/manual-audacity-test.recursos.uoc.edu\/es\/wp-json\/wp\/v2\/pages"}],"about":[{"href":"https:\/\/manual-audacity-test.recursos.uoc.edu\/es\/wp-json\/wp\/v2\/types\/page"}],"author":[{"embeddable":true,"href":"https:\/\/manual-audacity-test.recursos.uoc.edu\/es\/wp-json\/wp\/v2\/users\/2"}],"replies":[{"embeddable":true,"href":"https:\/\/manual-audacity-test.recursos.uoc.edu\/es\/wp-json\/wp\/v2\/comments?post=378"}],"version-history":[{"count":4,"href":"https:\/\/manual-audacity-test.recursos.uoc.edu\/es\/wp-json\/wp\/v2\/pages\/378\/revisions"}],"predecessor-version":[{"id":407,"href":"https:\/\/manual-audacity-test.recursos.uoc.edu\/es\/wp-json\/wp\/v2\/pages\/378\/revisions\/407"}],"wp:attachment":[{"href":"https:\/\/manual-audacity-test.recursos.uoc.edu\/es\/wp-json\/wp\/v2\/media?parent=378"}],"curies":[{"name":"wp","href":"https:\/\/api.w.org\/{rel}","templated":true}]}}