{"id":380,"date":"2024-01-11T12:15:12","date_gmt":"2024-01-11T10:15:12","guid":{"rendered":"https:\/\/manual-audacity-recursos-test.azurewebsites.net\/?page_id=380"},"modified":"2024-01-30T13:04:26","modified_gmt":"2024-01-30T11:04:26","slug":"6-2-2-multipista-y-auto-duck","status":"publish","type":"page","link":"https:\/\/manual-audacity-test.recursos.uoc.edu\/es\/6-2-2-multipista-y-auto-duck\/","title":{"rendered":"6.2.2. Multipista y Auto Duck"},"content":{"rendered":"<p>Audacity es un editor multipista que permite crear y administrar muchos sonidos y hacer que se reproduzcan al mismo tiempo. Por ejemplo, podemos tener una pista con m\u00fasica y otra pista con una locuci\u00f3n y hacer que suenen a la vez.<\/p>\n<p>Para agregar una pista vamos al men\u00fa Pista&gt;Agregar nueva y escogemos el tipo de pista que queremos a\u00f1adir.<\/p>\n<figure id=\"attachment_333\" aria-describedby=\"caption-attachment-333\" style=\"width: 500px\" class=\"wp-caption alignnone\"><img loading=\"lazy\" decoding=\"async\" class=\"wp-image-333\" src=\"\/wp-content\/uploads\/2024\/01\/imagen-7.1.png\" alt=\"\" width=\"500\" height=\"273\" srcset=\"\/wp-content\/uploads\/2024\/01\/imagen-7.1.png 491w, \/wp-content\/uploads\/2024\/01\/imagen-7.1-300x164.png 300w\" sizes=\"(max-width: 500px) 100vw, 500px\" \/><figcaption id=\"caption-attachment-333\" class=\"wp-caption-text\">Figura 6.1. Men\u00fa Pistas&gt;Agregar pistas<br \/>Fuente: elaboraci\u00f3n propia.<\/figcaption><\/figure>\n<p>Tambi\u00e9n se a\u00f1aden pistas a medida que vamos importando diferentes ficheros de audio. Los clips de las pistas se pueden mover lateralmente o entre pistas situando el cursor en la barra de t\u00edtulo del clip y arrastrando.<\/p>\n<figure id=\"attachment_335\" aria-describedby=\"caption-attachment-335\" style=\"width: 500px\" class=\"wp-caption alignnone\"><img loading=\"lazy\" decoding=\"async\" class=\"wp-image-335\" src=\"\/wp-content\/uploads\/2024\/01\/imagen-7.2.png\" alt=\"\" width=\"500\" height=\"274\" srcset=\"\/wp-content\/uploads\/2024\/01\/imagen-7.2.png 567w, \/wp-content\/uploads\/2024\/01\/imagen-7.2-300x165.png 300w\" sizes=\"(max-width: 500px) 100vw, 500px\" \/><figcaption id=\"caption-attachment-335\" class=\"wp-caption-text\">Figura 6.2. Posibles movimientos de los clips.<br \/>Fuente: elaboraci\u00f3n propia.<\/figcaption><\/figure>\n<p>En un p\u00f3dcast es habitual tener que mezclar m\u00fasica y voz, para hacerlo debemos reducir el volumen de la m\u00fasica en el momento en que se escucha la voz. Esto se puede hacer con la herramienta envolvente y modificar manualmente la pista musical cada vez que coincida con la voz o hacerlo de forma automatizada con el efecto Auto Duck.<\/p>\n<p>Auto Duck reduce el volumen de una o m\u00e1s pistas seleccionadas cada vez que el volumen de una \u00fanica pista de control (habitualmente de voz) que no debe estar seleccionada y que estar\u00e1 colocada debajo, alcanza un nivel de umbral determinado.<\/p>\n<p>Primero se seleccionan las pistas o regiones cuyo volumen se quiere modificar y debajo de estas tendremos la pista que actuar\u00e1 como pista de control.<\/p>\n<figure id=\"attachment_349\" aria-describedby=\"caption-attachment-349\" style=\"width: 500px\" class=\"wp-caption alignnone\"><img loading=\"lazy\" decoding=\"async\" class=\"wp-image-349\" src=\"\/wp-content\/uploads\/2024\/01\/imagen-7.3.png\" alt=\"\" width=\"500\" height=\"205\" srcset=\"\/wp-content\/uploads\/2024\/01\/imagen-7.3.png 567w, \/wp-content\/uploads\/2024\/01\/imagen-7.3-300x123.png 300w\" sizes=\"(max-width: 500px) 100vw, 500px\" \/><figcaption id=\"caption-attachment-349\" class=\"wp-caption-text\">Figura 6.3. Pistas para Auto Duck.<br \/>Fuente: elaboraci\u00f3n propia.<\/figcaption><\/figure>\n<p>Accedemos a Efecto&gt;Volumen y compresi\u00f3n&gt;Auto Duck.<\/p>\n<p>Cantidad de Duck: es la cantidad de reducci\u00f3n de volumen en la pista seleccionada cuando se detecta que la pista de control est\u00e1 por encima del nivel de umbral. El valor predeterminado es de -12 dB, pero en pistas que con un nivel cercano a los 0 dB es probable que el valor deseable est\u00e9 alrededor de -18 dB. Hay que tener en cuenta que la m\u00fasica de fondo nunca debe eclipsar a la locuci\u00f3n.<\/p>\n<p>Pausa m\u00e1xima: evita cambios de volumen demasiado r\u00e1pidos, por defecto 1 segundo, normalmente este es un valor correcto.<\/p>\n<p>Los valores de duraci\u00f3n de ca\u00edda y subida que habitualmente est\u00e1n en 0,5 y 0 segundos son los recomendables en la mayor\u00eda de las situaciones. Tambi\u00e9n el umbral a -30 dB es un valor habitualmente adecuado.<\/p>\n<figure id=\"attachment_351\" aria-describedby=\"caption-attachment-351\" style=\"width: 500px\" class=\"wp-caption alignnone\"><img loading=\"lazy\" decoding=\"async\" class=\"wp-image-351\" src=\"\/wp-content\/uploads\/2024\/01\/imagen-7.4.png\" alt=\"\" width=\"500\" height=\"422\" srcset=\"\/wp-content\/uploads\/2024\/01\/imagen-7.4.png 567w, \/wp-content\/uploads\/2024\/01\/imagen-7.4-300x253.png 300w\" sizes=\"(max-width: 500px) 100vw, 500px\" \/><figcaption id=\"caption-attachment-351\" class=\"wp-caption-text\">Figura 6.4. Configuraci\u00f3n de Auto Duck.<br \/>Fuente: elaboraci\u00f3n propia.<\/figcaption><\/figure>\n<p>El resultado es el siguiente:<\/p>\n<figure id=\"attachment_353\" aria-describedby=\"caption-attachment-353\" style=\"width: 500px\" class=\"wp-caption alignnone\"><img loading=\"lazy\" decoding=\"async\" class=\"wp-image-353\" src=\"\/wp-content\/uploads\/2024\/01\/imagen-7.5.png\" alt=\"\" width=\"500\" height=\"204\" srcset=\"\/wp-content\/uploads\/2024\/01\/imagen-7.5.png 567w, \/wp-content\/uploads\/2024\/01\/imagen-7.5-300x122.png 300w\" sizes=\"(max-width: 500px) 100vw, 500px\" \/><figcaption id=\"caption-attachment-353\" class=\"wp-caption-text\">Figura 6.5. Resultado de aplicar Auto Duck.<br \/>Fuente: elaboraci\u00f3n propia.<\/figcaption><\/figure>\n","protected":false},"excerpt":{"rendered":"<p>Audacity es un editor multipista que permite crear y administrar muchos sonidos y hacer que se reproduzcan al mismo tiempo. Por ejemplo, podemos tener una pista con m\u00fasica y otra pista con una locuci\u00f3n y hacer que suenen a la vez. Para agregar una pista vamos al men\u00fa Pista&gt;Agregar nueva y escogemos el tipo de [&hellip;]<\/p>\n","protected":false},"author":2,"featured_media":0,"parent":0,"menu_order":0,"comment_status":"closed","ping_status":"closed","template":"","meta":{"footnotes":""},"acf":[],"_links":{"self":[{"href":"https:\/\/manual-audacity-test.recursos.uoc.edu\/es\/wp-json\/wp\/v2\/pages\/380"}],"collection":[{"href":"https:\/\/manual-audacity-test.recursos.uoc.edu\/es\/wp-json\/wp\/v2\/pages"}],"about":[{"href":"https:\/\/manual-audacity-test.recursos.uoc.edu\/es\/wp-json\/wp\/v2\/types\/page"}],"author":[{"embeddable":true,"href":"https:\/\/manual-audacity-test.recursos.uoc.edu\/es\/wp-json\/wp\/v2\/users\/2"}],"replies":[{"embeddable":true,"href":"https:\/\/manual-audacity-test.recursos.uoc.edu\/es\/wp-json\/wp\/v2\/comments?post=380"}],"version-history":[{"count":3,"href":"https:\/\/manual-audacity-test.recursos.uoc.edu\/es\/wp-json\/wp\/v2\/pages\/380\/revisions"}],"predecessor-version":[{"id":439,"href":"https:\/\/manual-audacity-test.recursos.uoc.edu\/es\/wp-json\/wp\/v2\/pages\/380\/revisions\/439"}],"wp:attachment":[{"href":"https:\/\/manual-audacity-test.recursos.uoc.edu\/es\/wp-json\/wp\/v2\/media?parent=380"}],"curies":[{"name":"wp","href":"https:\/\/api.w.org\/{rel}","templated":true}]}}