{"id":384,"date":"2024-01-11T12:18:21","date_gmt":"2024-01-11T10:18:21","guid":{"rendered":"https:\/\/manual-audacity-recursos-test.azurewebsites.net\/?page_id=384"},"modified":"2024-01-30T13:03:05","modified_gmt":"2024-01-30T11:03:05","slug":"6-3-normalizar-volumen-loudness-normalization","status":"publish","type":"page","link":"https:\/\/manual-audacity-test.recursos.uoc.edu\/es\/6-3-normalizar-volumen-loudness-normalization\/","title":{"rendered":"6.3. Normalizar volumen (<em>loudness normalization<\/em>)"},"content":{"rendered":"<p>El efecto normalizar volumen o <em>loudness normalization<\/em> se utiliza para establecer un volumen objetivo requerido por algunas plataformas de streaming de m\u00fasica y p\u00f3dcast, programas de televisi\u00f3n y algunos sitios web. Esto proporciona un volumen homog\u00e9neo a una plataforma.<\/p>\n<p>Es importante entender que el efecto \u00abNormalizar volumen\u00bb no es lo mismo que el efecto \u00abNormalizar\u00bb, este \u00faltimo tiene en cuenta \u00fanicamente el nivel de pico para establecer el resultado. No tiene en cuenta el volumen promedio percibido del audio seleccionado, solo el nivel de pico deseado.<\/p>\n<p>\u00abNormalizar volumen\u00bb calcular\u00e1 la sonoridad percibida del audio seleccionado y luego aplicar\u00e1 una ganancia o reducci\u00f3n para alcanzar el nivel deseado, se puede establecer en:<\/p>\n<ul>\n<li>Volumen percibido, LUFS (Loudness Units Full Scale), unidades de volumen relativas a la escala completa. Opci\u00f3n por defecto a -23 LUFS. Es el volumen promedio percibido.<\/li>\n<li>RMS (Root Mean Square) representa el nivel promedio del sonido.<\/li>\n<\/ul>\n<p>\u00abNormalizar canales est\u00e9reo independientemente\u00bb se deshabilita si estamos normalizando una pista est\u00e9reo con los niveles de audio ya equilibrados.<\/p>\n<p>\u00abInterpretar canal mono como mono dual (recomendado)\u00bb se debe desactivar si se est\u00e1 normalizando una pista mono.<\/p>\n<figure id=\"attachment_355\" aria-describedby=\"caption-attachment-355\" style=\"width: 400px\" class=\"wp-caption alignnone\"><img loading=\"lazy\" decoding=\"async\" class=\"wp-image-355 size-full\" src=\"\/wp-content\/uploads\/2024\/01\/imagen-7.6.png\" alt=\"\" width=\"400\" height=\"165\" srcset=\"\/wp-content\/uploads\/2024\/01\/imagen-7.6.png 400w, \/wp-content\/uploads\/2024\/01\/imagen-7.6-300x124.png 300w\" sizes=\"(max-width: 400px) 100vw, 400px\" \/><figcaption id=\"caption-attachment-355\" class=\"wp-caption-text\">Figura 6.6. Configuraci\u00f3n de \u00abNormalizar volumen\u00bb.<br \/>Fuente: elaboraci\u00f3n propia.<\/figcaption><\/figure>\n<p>Para transmisi\u00f3n de televisi\u00f3n habitualmente se utiliza -23 LUFS lo que sin duda es un volumen bastante bajo, en servicios de streaming de m\u00fasica o p\u00f3dcast los valores suelen estar entre -9 y -14 LUFS.<\/p>\n<p>Se recomienda aplicar este efecto como paso final de edici\u00f3n antes de exportar el audio y solo en caso de ser necesario.<\/p>\n","protected":false},"excerpt":{"rendered":"<p>El efecto normalizar volumen o loudness normalization se utiliza para establecer un volumen objetivo requerido por algunas plataformas de streaming de m\u00fasica y p\u00f3dcast, programas de televisi\u00f3n y algunos sitios web. Esto proporciona un volumen homog\u00e9neo a una plataforma. Es importante entender que el efecto \u00abNormalizar volumen\u00bb no es lo mismo que el efecto \u00abNormalizar\u00bb, [&hellip;]<\/p>\n","protected":false},"author":2,"featured_media":0,"parent":0,"menu_order":0,"comment_status":"closed","ping_status":"closed","template":"","meta":{"footnotes":""},"acf":[],"_links":{"self":[{"href":"https:\/\/manual-audacity-test.recursos.uoc.edu\/es\/wp-json\/wp\/v2\/pages\/384"}],"collection":[{"href":"https:\/\/manual-audacity-test.recursos.uoc.edu\/es\/wp-json\/wp\/v2\/pages"}],"about":[{"href":"https:\/\/manual-audacity-test.recursos.uoc.edu\/es\/wp-json\/wp\/v2\/types\/page"}],"author":[{"embeddable":true,"href":"https:\/\/manual-audacity-test.recursos.uoc.edu\/es\/wp-json\/wp\/v2\/users\/2"}],"replies":[{"embeddable":true,"href":"https:\/\/manual-audacity-test.recursos.uoc.edu\/es\/wp-json\/wp\/v2\/comments?post=384"}],"version-history":[{"count":3,"href":"https:\/\/manual-audacity-test.recursos.uoc.edu\/es\/wp-json\/wp\/v2\/pages\/384\/revisions"}],"predecessor-version":[{"id":438,"href":"https:\/\/manual-audacity-test.recursos.uoc.edu\/es\/wp-json\/wp\/v2\/pages\/384\/revisions\/438"}],"wp:attachment":[{"href":"https:\/\/manual-audacity-test.recursos.uoc.edu\/es\/wp-json\/wp\/v2\/media?parent=384"}],"curies":[{"name":"wp","href":"https:\/\/api.w.org\/{rel}","templated":true}]}}