{"id":392,"date":"2024-01-11T12:34:58","date_gmt":"2024-01-11T10:34:58","guid":{"rendered":"https:\/\/manual-audacity-recursos-test.azurewebsites.net\/?page_id=392"},"modified":"2024-02-19T11:03:10","modified_gmt":"2024-02-19T09:03:10","slug":"6-4-2-herramienta-compartir-audio","status":"publish","type":"page","link":"https:\/\/manual-audacity-test.recursos.uoc.edu\/es\/6-4-2-herramienta-compartir-audio\/","title":{"rendered":"6.4.2. Herramienta \u00abCompartir Audio\u00bb"},"content":{"rendered":"<p>La herramienta \u00abCompartir Audio\u00bb permite compartir el audio en l\u00ednea con otras personas a trav\u00e9s del sitio <a href=\"https:\/\/audio.com\/\" target=\"_blank\" rel=\"noopener\">audio.com<\/a>.<\/p>\n<figure id=\"attachment_393\" aria-describedby=\"caption-attachment-393\" style=\"width: 378px\" class=\"wp-caption alignnone\"><img loading=\"lazy\" decoding=\"async\" class=\"wp-image-393 size-full\" src=\"\/wp-content\/uploads\/2024\/01\/imagen-7.7-1.png\" alt=\"\" width=\"378\" height=\"57\" srcset=\"\/wp-content\/uploads\/2024\/01\/imagen-7.7-1.png 378w, \/wp-content\/uploads\/2024\/01\/imagen-7.7-1-300x45.png 300w\" sizes=\"(max-width: 378px) 100vw, 378px\" \/><figcaption id=\"caption-attachment-393\" class=\"wp-caption-text\">Figura 6.7. Herramienta \u00abCompartir audio\u00bb.<br \/>Fuente: elaboraci\u00f3n propia.<\/figcaption><\/figure>\n<p>Para poder compartir necesitamos haber creado previamente una cuenta en su web y despu\u00e9s enlazarla, poner un nombre a nuestro audio y proceder a la publicaci\u00f3n.<\/p>\n<figure id=\"attachment_337\" aria-describedby=\"caption-attachment-337\" style=\"width: 453px\" class=\"wp-caption alignnone\"><img loading=\"lazy\" decoding=\"async\" class=\"wp-image-337 size-full\" src=\"\/wp-content\/uploads\/2024\/01\/imagen-7.8.png\" alt=\"\" width=\"453\" height=\"280\" srcset=\"\/wp-content\/uploads\/2024\/01\/imagen-7.8.png 453w, \/wp-content\/uploads\/2024\/01\/imagen-7.8-300x185.png 300w\" sizes=\"(max-width: 453px) 100vw, 453px\" \/><figcaption id=\"caption-attachment-337\" class=\"wp-caption-text\">Figura 6.8. Configuraci\u00f3n \u00abCompartir audio\u00bb.<br \/>Fuente: elaboraci\u00f3n propia.<\/figcaption><\/figure>\n<div class=\"featured featured-grey\"><p><a href=\"https:\/\/audio.com\/\" target=\"_blank\" rel=\"noopener\">Audio.com<\/a> es, en el momento de publicar este manual, una plataforma para compartir audio en fase beta, creada por m\u00fasicos, productores y programadores, que tiene como objetivo albergar, compartir y colaborar en proyectos de modo intuitivo.<\/p>\n<p>Est\u00e1 pensada para contener todo tipo de audios como m\u00fasica, p\u00f3dcast, audiolibros, etc.<\/p>\n<p>Es totalmente gratuito, sin anuncios ni versiones de pago. No hay l\u00edmite en la cantidad de ficheros que se pueden subir, ni en la duraci\u00f3n de los audios. Admite los formatos WAV, MP3 y FLAC.<\/p>\n<p>Disponen de una comunidad accesible desde su web en Reddit, Discord y Facebook. <a href=\"https:\/\/audio.com\/\" target=\"_blank\" rel=\"noopener\">https:\/\/audio.com\/<\/a><\/p>\n<\/div>\n<p>&nbsp;<\/p>\n","protected":false},"excerpt":{"rendered":"<p>La herramienta \u00abCompartir Audio\u00bb permite compartir el audio en l\u00ednea con otras personas a trav\u00e9s del sitio audio.com. Para poder compartir necesitamos haber creado previamente una cuenta en su web y despu\u00e9s enlazarla, poner un nombre a nuestro audio y proceder a la publicaci\u00f3n. &nbsp;<\/p>\n","protected":false},"author":2,"featured_media":0,"parent":0,"menu_order":0,"comment_status":"closed","ping_status":"closed","template":"","meta":{"footnotes":""},"acf":[],"_links":{"self":[{"href":"https:\/\/manual-audacity-test.recursos.uoc.edu\/es\/wp-json\/wp\/v2\/pages\/392"}],"collection":[{"href":"https:\/\/manual-audacity-test.recursos.uoc.edu\/es\/wp-json\/wp\/v2\/pages"}],"about":[{"href":"https:\/\/manual-audacity-test.recursos.uoc.edu\/es\/wp-json\/wp\/v2\/types\/page"}],"author":[{"embeddable":true,"href":"https:\/\/manual-audacity-test.recursos.uoc.edu\/es\/wp-json\/wp\/v2\/users\/2"}],"replies":[{"embeddable":true,"href":"https:\/\/manual-audacity-test.recursos.uoc.edu\/es\/wp-json\/wp\/v2\/comments?post=392"}],"version-history":[{"count":8,"href":"https:\/\/manual-audacity-test.recursos.uoc.edu\/es\/wp-json\/wp\/v2\/pages\/392\/revisions"}],"predecessor-version":[{"id":679,"href":"https:\/\/manual-audacity-test.recursos.uoc.edu\/es\/wp-json\/wp\/v2\/pages\/392\/revisions\/679"}],"wp:attachment":[{"href":"https:\/\/manual-audacity-test.recursos.uoc.edu\/es\/wp-json\/wp\/v2\/media?parent=392"}],"curies":[{"name":"wp","href":"https:\/\/api.w.org\/{rel}","templated":true}]}}