{"id":42,"date":"2024-01-10T12:32:42","date_gmt":"2024-01-10T10:32:42","guid":{"rendered":"https:\/\/manual-audacity-recursos-test.azurewebsites.net\/?page_id=42"},"modified":"2024-01-10T12:32:42","modified_gmt":"2024-01-10T10:32:42","slug":"introduccion","status":"publish","type":"page","link":"https:\/\/manual-audacity-test.recursos.uoc.edu\/es\/","title":{"rendered":"Introducci\u00f3n"},"content":{"rendered":"<p>Audacity es un software de edici\u00f3n de audio de c\u00f3digo abierto y multiplataforma que permite a los usuarios grabar, editar y manipular archivos de audio de manera eficiente y vers\u00e1til. Puede\u00a0 funcionar con un hardware poco potente y su interfaz es sencilla y amigable, lo que lo hace muy accesible. Cada vez m\u00e1s se est\u00e1 convirtiendo en una herramienta popular tanto para principiantes como para profesionales en el campo de la producci\u00f3n y edici\u00f3n de sonido.<\/p>\n<p>Audacity permite la grabaci\u00f3n de audio desde diferentes fuentes (como micr\u00f3fonos, entradas de l\u00ednea, etc.) y la edici\u00f3n la realiza de forma no destructiva, lo que permite preservar el audio del archivo original.<\/p>\n<p>Dispone de una gran variedad de herramientas para el tratamiento y la edici\u00f3n de audio que permiten la modificaci\u00f3n del volumen, la ecualizaci\u00f3n, la eliminaci\u00f3n de ruidos, el ajuste de tono o de velocidad, etc.<\/p>\n<p>Tambi\u00e9n permite combinar m\u00faltiples pistas de audio en un mismo proyecto que despu\u00e9s podr\u00e1 ser exportado a diferentes formatos de audio conocidos.<\/p>\n<p>Incorpora herramientas para realizar un an\u00e1lisis espectral de las frecuencias de una pista de audio que puede ser \u00fatil para identificar problemas o realizar ajustes precisos.<\/p>\n<p>Audacity es, por tanto, una potente herramienta de edici\u00f3n de audio que brinda a los usuarios la capacidad de crear, editar y manipular archivos de sonido de manera flexible y creativa, tanto para proyectos simples como para producciones profesionales.<\/p>\n","protected":false},"excerpt":{"rendered":"<p>Audacity es un software de edici\u00f3n de audio de c\u00f3digo abierto y multiplataforma que permite a los usuarios grabar, editar y manipular archivos de audio de manera eficiente y vers\u00e1til. Puede\u00a0 funcionar con un hardware poco potente y su interfaz es sencilla y amigable, lo que lo hace muy accesible. Cada vez m\u00e1s se est\u00e1 [&hellip;]<\/p>\n","protected":false},"author":2,"featured_media":0,"parent":0,"menu_order":0,"comment_status":"closed","ping_status":"closed","template":"","meta":{"footnotes":""},"acf":[],"_links":{"self":[{"href":"https:\/\/manual-audacity-test.recursos.uoc.edu\/es\/wp-json\/wp\/v2\/pages\/42"}],"collection":[{"href":"https:\/\/manual-audacity-test.recursos.uoc.edu\/es\/wp-json\/wp\/v2\/pages"}],"about":[{"href":"https:\/\/manual-audacity-test.recursos.uoc.edu\/es\/wp-json\/wp\/v2\/types\/page"}],"author":[{"embeddable":true,"href":"https:\/\/manual-audacity-test.recursos.uoc.edu\/es\/wp-json\/wp\/v2\/users\/2"}],"replies":[{"embeddable":true,"href":"https:\/\/manual-audacity-test.recursos.uoc.edu\/es\/wp-json\/wp\/v2\/comments?post=42"}],"version-history":[{"count":1,"href":"https:\/\/manual-audacity-test.recursos.uoc.edu\/es\/wp-json\/wp\/v2\/pages\/42\/revisions"}],"predecessor-version":[{"id":43,"href":"https:\/\/manual-audacity-test.recursos.uoc.edu\/es\/wp-json\/wp\/v2\/pages\/42\/revisions\/43"}],"wp:attachment":[{"href":"https:\/\/manual-audacity-test.recursos.uoc.edu\/es\/wp-json\/wp\/v2\/media?parent=42"}],"curies":[{"name":"wp","href":"https:\/\/api.w.org\/{rel}","templated":true}]}}