{"id":44,"date":"2024-01-10T12:35:00","date_gmt":"2024-01-10T10:35:00","guid":{"rendered":"https:\/\/manual-audacity-recursos-test.azurewebsites.net\/?page_id=44"},"modified":"2024-01-10T12:35:00","modified_gmt":"2024-01-10T10:35:00","slug":"objetivos","status":"publish","type":"page","link":"https:\/\/manual-audacity-test.recursos.uoc.edu\/es\/objetivos\/","title":{"rendered":"Objetivos"},"content":{"rendered":"<ol>\n<li>Conocer la interfaz de Audacity y configurarlo para realizar las operaciones b\u00e1sicas.<\/li>\n<li>Configurar los par\u00e1metros de calidad de la grabaci\u00f3n, ajustar niveles de entrada y salida y grabar desde diferentes fuentes de sonido.<\/li>\n<li>Aplicar operaciones b\u00e1sicas para editar el sonido y las pistas.<\/li>\n<li>Aprender a trabajar con diferentes efectos que permiten la modificaci\u00f3n y mejora del sonido.<\/li>\n<li>Exportar el audio a diferentes formatos como WAV, FLAC, MP3, etc.<\/li>\n<li>Grabar un p\u00f3dcast con diferentes pistas aplicando efectos para mejorar el resultado final y realizar la exportaci\u00f3n seg\u00fan las necesidades del trabajo a realizar.<\/li>\n<\/ol>\n","protected":false},"excerpt":{"rendered":"<p>Conocer la interfaz de Audacity y configurarlo para realizar las operaciones b\u00e1sicas. Configurar los par\u00e1metros de calidad de la grabaci\u00f3n, ajustar niveles de entrada y salida y grabar desde diferentes fuentes de sonido. Aplicar operaciones b\u00e1sicas para editar el sonido y las pistas. Aprender a trabajar con diferentes efectos que permiten la modificaci\u00f3n y mejora [&hellip;]<\/p>\n","protected":false},"author":2,"featured_media":0,"parent":0,"menu_order":0,"comment_status":"closed","ping_status":"closed","template":"","meta":{"footnotes":""},"acf":[],"_links":{"self":[{"href":"https:\/\/manual-audacity-test.recursos.uoc.edu\/es\/wp-json\/wp\/v2\/pages\/44"}],"collection":[{"href":"https:\/\/manual-audacity-test.recursos.uoc.edu\/es\/wp-json\/wp\/v2\/pages"}],"about":[{"href":"https:\/\/manual-audacity-test.recursos.uoc.edu\/es\/wp-json\/wp\/v2\/types\/page"}],"author":[{"embeddable":true,"href":"https:\/\/manual-audacity-test.recursos.uoc.edu\/es\/wp-json\/wp\/v2\/users\/2"}],"replies":[{"embeddable":true,"href":"https:\/\/manual-audacity-test.recursos.uoc.edu\/es\/wp-json\/wp\/v2\/comments?post=44"}],"version-history":[{"count":1,"href":"https:\/\/manual-audacity-test.recursos.uoc.edu\/es\/wp-json\/wp\/v2\/pages\/44\/revisions"}],"predecessor-version":[{"id":45,"href":"https:\/\/manual-audacity-test.recursos.uoc.edu\/es\/wp-json\/wp\/v2\/pages\/44\/revisions\/45"}],"wp:attachment":[{"href":"https:\/\/manual-audacity-test.recursos.uoc.edu\/es\/wp-json\/wp\/v2\/media?parent=44"}],"curies":[{"name":"wp","href":"https:\/\/api.w.org\/{rel}","templated":true}]}}