{"id":51,"date":"2024-01-10T12:37:57","date_gmt":"2024-01-10T10:37:57","guid":{"rendered":"https:\/\/manual-audacity-recursos-test.azurewebsites.net\/?page_id=51"},"modified":"2024-01-10T12:37:57","modified_gmt":"2024-01-10T10:37:57","slug":"1-1-instalacion-audacity","status":"publish","type":"page","link":"https:\/\/manual-audacity-test.recursos.uoc.edu\/es\/1-1-instalacion-audacity\/","title":{"rendered":"1.1. Instalaci\u00f3n Audacity"},"content":{"rendered":"<p>Audacity 3.3.3 en adelante est\u00e1 disponible para sistemas Windows, sistemas macOS y sistemas GNU\/Linux. Para instalarlo solo hay que descargarlo desde su web <a href=\"http:\/\/www.audacityteam.org\" target=\"_blank\" rel=\"noopener\">www.audacityteam.org<\/a>.\u00a0 Descargamos la \u00faltima versi\u00f3n para nuestro sistema operativo y seguimos las instrucciones de instalaci\u00f3n.<\/p>\n","protected":false},"excerpt":{"rendered":"<p>Audacity 3.3.3 en adelante est\u00e1 disponible para sistemas Windows, sistemas macOS y sistemas GNU\/Linux. Para instalarlo solo hay que descargarlo desde su web www.audacityteam.org.\u00a0 Descargamos la \u00faltima versi\u00f3n para nuestro sistema operativo y seguimos las instrucciones de instalaci\u00f3n.<\/p>\n","protected":false},"author":2,"featured_media":0,"parent":0,"menu_order":0,"comment_status":"closed","ping_status":"closed","template":"","meta":{"footnotes":""},"acf":[],"_links":{"self":[{"href":"https:\/\/manual-audacity-test.recursos.uoc.edu\/es\/wp-json\/wp\/v2\/pages\/51"}],"collection":[{"href":"https:\/\/manual-audacity-test.recursos.uoc.edu\/es\/wp-json\/wp\/v2\/pages"}],"about":[{"href":"https:\/\/manual-audacity-test.recursos.uoc.edu\/es\/wp-json\/wp\/v2\/types\/page"}],"author":[{"embeddable":true,"href":"https:\/\/manual-audacity-test.recursos.uoc.edu\/es\/wp-json\/wp\/v2\/users\/2"}],"replies":[{"embeddable":true,"href":"https:\/\/manual-audacity-test.recursos.uoc.edu\/es\/wp-json\/wp\/v2\/comments?post=51"}],"version-history":[{"count":1,"href":"https:\/\/manual-audacity-test.recursos.uoc.edu\/es\/wp-json\/wp\/v2\/pages\/51\/revisions"}],"predecessor-version":[{"id":52,"href":"https:\/\/manual-audacity-test.recursos.uoc.edu\/es\/wp-json\/wp\/v2\/pages\/51\/revisions\/52"}],"wp:attachment":[{"href":"https:\/\/manual-audacity-test.recursos.uoc.edu\/es\/wp-json\/wp\/v2\/media?parent=51"}],"curies":[{"name":"wp","href":"https:\/\/api.w.org\/{rel}","templated":true}]}}